{"id":251,"date":"2023-04-28T12:55:55","date_gmt":"2023-04-28T10:55:55","guid":{"rendered":"https:\/\/looniverso.pl\/?page_id=251"},"modified":"2023-09-06T14:39:49","modified_gmt":"2023-09-06T12:39:49","slug":"home","status":"publish","type":"page","link":"https:\/\/futurogames.com\/pl\/","title":{"rendered":"Home"},"content":{"rendered":"<section class=\"acf-header  acf-header--absolute\" id=\"header-block_1036c10c3adfcc6a0a6804507555b56a\">\n    <div class=\"acf-header__bg\" style=\"background-color: ; \">\n        <div class=\"container\">\n            <div class=\"acf-header__wrapper\">\n                <div class=\"acf-header__logo\">\n                    <a href=\"https:\/\/futurogames.com\/pl\/\">\n                        <img loading=\"lazy\" decoding=\"async\" width=\"236\" height=\"75\" src=\"https:\/\/futurogames.com\/wp-content\/uploads\/2023\/04\/logo.svg\" class=\"attachment-full size-full\" alt=\"\" \/>                    <\/a>\n                <\/div>\n                                    <div class=\"acf-header__nav\">\n                        <div id=\"nav__primary\" class=\"nav__top\"><ul><li id=\"menu-item-591\" class=\"menu-item menu-item-type-custom menu-item-object-custom menu-item-has-children menu-item-591\"><a href=\"#\">Produkty<\/a>\n<ul class=\"sub-menu\">\n\t<li id=\"menu-item-592\" class=\"menu-item menu-item-type-post_type menu-item-object-page menu-item-592\"><a href=\"https:\/\/futurogames.com\/pl\/loonie-lingo-teaser\/\">Futuro Lingo<\/a><\/li>\n\t<li id=\"menu-item-2668\" class=\"menu-item menu-item-type-post_type menu-item-object-page menu-item-2668\"><a href=\"https:\/\/futurogames.com\/pl\/futuro-multiplicraft\/\">Futuro Math Masters<\/a><\/li>\n<\/ul>\n<\/li>\n<li id=\"menu-item-297\" class=\"menu-item menu-item-type-custom menu-item-object-custom menu-item-297\"><a href=\"#contact\">Kontakt<\/a><\/li>\n<\/ul><\/div>                        <div class=\"acf-header__nav__lang\">\n                        \n<div class=\"wpml-ls-statics-shortcode_actions wpml-ls wpml-ls-legacy-dropdown-click js-wpml-ls-legacy-dropdown-click\">\n\t<ul>\n\n\t\t<li class=\"wpml-ls-slot-shortcode_actions wpml-ls-item wpml-ls-item-pl wpml-ls-current-language wpml-ls-item-legacy-dropdown-click\">\n\n\t\t\t<a href=\"#\" class=\"js-wpml-ls-item-toggle wpml-ls-item-toggle\">\n                                                    <img decoding=\"async\"\n            class=\"wpml-ls-flag\"\n            src=\"https:\/\/futurogames.com\/wp-content\/plugins\/sitepress-multilingual-cms\/res\/flags\/pl.svg\"\n            alt=\"\"\n            width=18\n            height=12\n    \/><span class=\"wpml-ls-native\">PL<\/span><\/a>\n\n\t\t\t<ul class=\"js-wpml-ls-sub-menu wpml-ls-sub-menu\">\n\t\t\t\t\n\t\t\t\t\t<li class=\"wpml-ls-slot-shortcode_actions wpml-ls-item wpml-ls-item-en wpml-ls-first-item\">\n\t\t\t\t\t\t<a href=\"https:\/\/futurogames.com\/\" class=\"wpml-ls-link\">\n                                                                <img decoding=\"async\"\n            class=\"wpml-ls-flag\"\n            src=\"https:\/\/futurogames.com\/wp-content\/plugins\/sitepress-multilingual-cms\/res\/flags\/en.svg\"\n            alt=\"\"\n            width=18\n            height=12\n    \/><span class=\"wpml-ls-native\" lang=\"en\">EN<\/span><\/a>\n\t\t\t\t\t<\/li>\n\n\t\t\t\t\n\t\t\t\t\t<li class=\"wpml-ls-slot-shortcode_actions wpml-ls-item wpml-ls-item-fr\">\n\t\t\t\t\t\t<a href=\"https:\/\/futurogames.com\/fr\/\" class=\"wpml-ls-link\">\n                                                                <img decoding=\"async\"\n            class=\"wpml-ls-flag\"\n            src=\"https:\/\/futurogames.com\/wp-content\/plugins\/sitepress-multilingual-cms\/res\/flags\/fr.svg\"\n            alt=\"\"\n            width=18\n            height=12\n    \/><span class=\"wpml-ls-native\" lang=\"fr\">FR<\/span><\/a>\n\t\t\t\t\t<\/li>\n\n\t\t\t\t\n\t\t\t\t\t<li class=\"wpml-ls-slot-shortcode_actions wpml-ls-item wpml-ls-item-de\">\n\t\t\t\t\t\t<a href=\"https:\/\/futurogames.com\/de\/\" class=\"wpml-ls-link\">\n                                                                <img decoding=\"async\"\n            class=\"wpml-ls-flag\"\n            src=\"https:\/\/futurogames.com\/wp-content\/plugins\/sitepress-multilingual-cms\/res\/flags\/de.svg\"\n            alt=\"\"\n            width=18\n            height=12\n    \/><span class=\"wpml-ls-native\" lang=\"de\">DE<\/span><\/a>\n\t\t\t\t\t<\/li>\n\n\t\t\t\t\n\t\t\t\t\t<li class=\"wpml-ls-slot-shortcode_actions wpml-ls-item wpml-ls-item-it\">\n\t\t\t\t\t\t<a href=\"https:\/\/futurogames.com\/it\/\" class=\"wpml-ls-link\">\n                                                                <img decoding=\"async\"\n            class=\"wpml-ls-flag\"\n            src=\"https:\/\/futurogames.com\/wp-content\/plugins\/sitepress-multilingual-cms\/res\/flags\/it.svg\"\n            alt=\"\"\n            width=18\n            height=12\n    \/><span class=\"wpml-ls-native\" lang=\"it\">IT<\/span><\/a>\n\t\t\t\t\t<\/li>\n\n\t\t\t\t\n\t\t\t\t\t<li class=\"wpml-ls-slot-shortcode_actions wpml-ls-item wpml-ls-item-es\">\n\t\t\t\t\t\t<a href=\"https:\/\/futurogames.com\/es\/\" class=\"wpml-ls-link\">\n                                                                <img decoding=\"async\"\n            class=\"wpml-ls-flag\"\n            src=\"https:\/\/futurogames.com\/wp-content\/plugins\/sitepress-multilingual-cms\/res\/flags\/es.svg\"\n            alt=\"\"\n            width=18\n            height=12\n    \/><span class=\"wpml-ls-native\" lang=\"es\">ES<\/span><\/a>\n\t\t\t\t\t<\/li>\n\n\t\t\t\t\n\t\t\t\t\t<li class=\"wpml-ls-slot-shortcode_actions wpml-ls-item wpml-ls-item-id\">\n\t\t\t\t\t\t<a href=\"https:\/\/futurogames.com\/id\/\" class=\"wpml-ls-link\">\n                                                                <img decoding=\"async\"\n            class=\"wpml-ls-flag\"\n            src=\"https:\/\/futurogames.com\/wp-content\/plugins\/sitepress-multilingual-cms\/res\/flags\/id.svg\"\n            alt=\"\"\n            width=18\n            height=12\n    \/><span class=\"wpml-ls-native\" lang=\"id\">Indonesia<\/span><span class=\"wpml-ls-display\"><span class=\"wpml-ls-bracket\"> (<\/span>ID<span class=\"wpml-ls-bracket\">)<\/span><\/span><\/a>\n\t\t\t\t\t<\/li>\n\n\t\t\t\t\n\t\t\t\t\t<li class=\"wpml-ls-slot-shortcode_actions wpml-ls-item wpml-ls-item-us wpml-ls-last-item\">\n\t\t\t\t\t\t<a href=\"https:\/\/futurogames.com\/us\/\" class=\"wpml-ls-link\">\n                                                                <img decoding=\"async\"\n            class=\"wpml-ls-flag\"\n            src=\"https:\/\/futurogames.com\/wp-content\/uploads\/flags\/us[1].svg\"\n            alt=\"\"\n            width=18\n            height=12\n    \/><span class=\"wpml-ls-native\" lang=\"us\">US<\/span><\/a>\n\t\t\t\t\t<\/li>\n\n\t\t\t\t\t\t\t<\/ul>\n\n\t\t<\/li>\n\n\t<\/ul>\n<\/div>\n                        <\/div>\n                    <\/div>\n                            <\/div>\n        <\/div>\n    <\/div>\n    <\/section><section class=\"acf-hero\" id=\"home\">\n    <div class=\"acf-hero__bg\" style=\"background-color: #072ac8; \">\n        <div class=\"container\">\n            <div class=\"acf-hero__wrapper\">\n                <div class=\"acf-hero__col acf-hero__col--left\">\n                    <div class=\"acf-hero__content__text\"><h1>W <strong>Futuro Games<\/strong> <span style=\"color: #ffc600;\"><strong>wierzymy, \u017ce edukacja powinna by\u0107 zabawna, inspiruj\u0105ca<\/strong><\/span> i dost\u0119pna dla wszystkich.<\/h1>\n<p>Nasz\u0105 wizj\u0105 jest zapewnienie nast\u0119pnemu pokoleniu umiej\u0119tno\u015bci i wiedzy, kt\u00f3rych potrzebuj\u0105, aby odnie\u015b\u0107 sukces w ci\u0105gle zmieniaj\u0105cym si\u0119 \u015bwiecie. Wierzymy, \u017ce poprzez uczynienie nauki przyjemn\u0105 i interaktywn\u0105, mo\u017cemy rozpali\u0107 w dzieciach pasj\u0119 do edukacji na ca\u0142e \u017cycie i wyposa\u017cy\u0107 je w narz\u0119dzia, kt\u00f3re pozwol\u0105 im w pe\u0142ni wykorzysta\u0107 sw\u00f3j potencja\u0142.<\/p>\n<p>Jeste\u015bmy zaanga\u017cowani w dostarczanie wysokiej jako\u015bci kurs\u00f3w, kt\u00f3re s\u0105 zaprojektowane tak, aby stanowi\u0107 wyzwanie i anga\u017cowa\u0107 dzieci w ka\u017cdym wieku oraz r\u00f3\u017cnych umiej\u0119tno\u015bciach. Nasz zesp\u00f3\u0142 do\u015bwiadczonych nauczycieli i projektant\u00f3w gier niestrudzenie pracuje nad tworzeniem program\u00f3w, kt\u00f3re s\u0105 nie tylko edukacyjne, ale tak\u017ce zabawne i ekscytuj\u0105ce.<\/p>\n<p>W Futuro Games cenimy kreatywno\u015b\u0107, innowacyjno\u015b\u0107 i doskona\u0142o\u015b\u0107 we wszystkim, co robimy. Jeste\u015bmy pasjonatami dokonywania zmian w \u017cyciu dzieci i po\u015bwi\u0119camy si\u0119 zapewnianiu wspieraj\u0105cego i integracyjnego \u015brodowiska uczenia si\u0119.<\/p>\n<p>Do\u0142\u0105cz do nas w naszej misji rewolucjonizowania edukacji i inspirowania kolejnego pokolenia uczni\u00f3w. Zapisz swoje dziecko na jeden z naszych kurs\u00f3w Minecraft, Roblox lub Lego ju\u017c dzi\u015b!<\/p>\n<\/div>                <\/div>\n                <div class=\"acf-hero__col acf-hero__col--right\">\n                    <div class=\"acf-hero__content__img\"><img loading=\"lazy\" decoding=\"async\" width=\"772\" height=\"849\" src=\"https:\/\/futurogames.com\/wp-content\/uploads\/2023\/04\/tmp_home_hero-1.png\" class=\"attachment-full size-full\" alt=\"\" srcset=\"https:\/\/futurogames.com\/wp-content\/uploads\/2023\/04\/tmp_home_hero-1.png 772w, https:\/\/futurogames.com\/wp-content\/uploads\/2023\/04\/tmp_home_hero-1-600x660.png 600w, https:\/\/futurogames.com\/wp-content\/uploads\/2023\/04\/tmp_home_hero-1-273x300.png 273w, https:\/\/futurogames.com\/wp-content\/uploads\/2023\/04\/tmp_home_hero-1-768x845.png 768w, https:\/\/futurogames.com\/wp-content\/uploads\/2023\/04\/tmp_home_hero-1-418x460.png 418w, https:\/\/futurogames.com\/wp-content\/uploads\/2023\/04\/tmp_home_hero-1-264x290.png 264w, https:\/\/futurogames.com\/wp-content\/uploads\/2023\/04\/tmp_home_hero-1-291x320.png 291w\" sizes=\"auto, (max-width: 772px) 100vw, 772px\" \/><\/div>                <\/div>\n            <\/div>\n        <\/div>\n                    <a href=\"#next\" class=\"acf-hero__arrow\">\n                <svg xmlns=\"http:\/\/www.w3.org\/2000\/svg\" width=\"40\" height=\"40\" viewBox=\"0 0 40 40\">\n                    <g id=\"ic-arrows-bottom\" transform=\"translate(7.78 8.435)\">\n                        <g id=\"Group_625\" data-name=\"Group 625\" transform=\"translate(0 -0.365)\">\n                            <line id=\"Line_55\" data-name=\"Line 55\" y2=\"16.14\" transform=\"translate(12 3.93)\" fill=\"none\" stroke=\"#f3f6fb\" stroke-linecap=\"round\" stroke-linejoin=\"bevel\" stroke-width=\"1.5\" \/>\n                            <path id=\"Path_44\" data-name=\"Path 44\" d=\"M7.22,15.67l4.11,4.11a1,1,0,0,0,1.41,0l4-4\" fill=\"none\" stroke=\"#f3f6fb\" stroke-linecap=\"round\" stroke-linejoin=\"bevel\" stroke-width=\"1.5\" \/>\n                        <\/g>\n                        <g id=\"Ellipse_5\" data-name=\"Ellipse 5\" transform=\"translate(-7.78 -8.435)\" fill=\"none\" stroke=\"#f3f6fb\" stroke-width=\"1\">\n                            <circle cx=\"20\" cy=\"20\" r=\"20\" stroke=\"none\" \/>\n                            <circle cx=\"20\" cy=\"20\" r=\"19.5\" fill=\"none\" \/>\n                        <\/g>\n                    <\/g>\n                <\/svg>\n            <\/a>\n            <\/div>\n            <svg width=\"100%\" height=\"100%\" version=\"1.1\" xmlns=\"http:\/\/www.w3.org\/2000\/svg\" class=\"acf-hero__vawe__wrapper\">\n                            <path class=\"acf-hero__vawe__item\" fill=\"#ffc600\" \/>\n                            <path class=\"acf-hero__vawe__item\" fill=\"#072ac8\" \/>\n                    <\/svg>\n    <\/section><section class=\"acf-pictograms\" id=\"next\">\n    <div class=\"acf-pictograms__bg bg\" style=\"background-color: #f3f6fb; \">\n        <div class=\"container  acf-pictograms__small__height\">\n            <div class=\"acf-pictograms__wrapper\">\n                <div class=\"acf-pictograms__content__text\"><h2 style=\"text-align: center;\">Produkty<\/h2>\n<\/div><div class=\"acf-pictograms__content__products\"><div class=\"acf-pictograms__content__products__wrapper\"><div class=\"acf-pictograms__content__products__box\"><a href=\"https:\/\/virtualone.futurogames.com\/kurs-angielskiego-w-swiecie-minecraft\/\" target=\"_blank\"><div class=\"acf-pictograms__content__products__img\"><img loading=\"lazy\" decoding=\"async\" width=\"388\" height=\"220\" src=\"https:\/\/futurogames.com\/wp-content\/uploads\/2023\/06\/Virtual-One.png\" class=\"attachment-450x999 size-450x999\" alt=\"\" srcset=\"https:\/\/futurogames.com\/wp-content\/uploads\/2023\/06\/Virtual-One.png 388w, https:\/\/futurogames.com\/wp-content\/uploads\/2023\/06\/Virtual-One-300x170.png 300w\" sizes=\"auto, (max-width: 388px) 100vw, 388px\" \/><\/div><\/a><a href=\"https:\/\/virtualone.futurogames.com\/kurs-angielskiego-w-swiecie-minecraft\/\" target=\"_blank\"><h4 class=\"acf-pictograms__content__products__name\">Futuro Virtual One<\/h4><\/a><a href=\"https:\/\/virtualone.futurogames.com\/kurs-angielskiego-w-swiecie-minecraft\/\" target=\"_blank\"><p class=\"acf-pictograms__content__products__description\">The only language course in the world of Minecraft!<\/p><\/a><div class=\"acf-pictograms__content__products__button btn\"><a href=\"https:\/\/virtualone.futurogames.com\/kurs-angielskiego-w-swiecie-minecraft\/\">Zobacz szczeg\u00f3\u0142y<\/a><\/div><\/div><div class=\"acf-pictograms__content__products__box\"><a href=\"https:\/\/futurogames.com\/pl\/loonie-lingo-teaser\/\" ><div class=\"acf-pictograms__content__products__img\"><img loading=\"lazy\" decoding=\"async\" width=\"388\" height=\"220\" src=\"https:\/\/futurogames.com\/wp-content\/uploads\/2023\/06\/loonilngo.png\" class=\"attachment-450x999 size-450x999\" alt=\"\" srcset=\"https:\/\/futurogames.com\/wp-content\/uploads\/2023\/06\/loonilngo.png 388w, https:\/\/futurogames.com\/wp-content\/uploads\/2023\/06\/loonilngo-300x170.png 300w\" sizes=\"auto, (max-width: 388px) 100vw, 388px\" \/><\/div><\/a><a href=\"https:\/\/futurogames.com\/pl\/loonie-lingo-teaser\/\" ><h4 class=\"acf-pictograms__content__products__name\">Futuro Lingo<\/h4><\/a><a href=\"https:\/\/futurogames.com\/pl\/loonie-lingo-teaser\/\" ><p class=\"acf-pictograms__content__products__description\">AI-Powered English A1 E-Learning Course<\/p><\/a><div class=\"acf-pictograms__content__products__button btn\"><a href=\"https:\/\/futurogames.com\/pl\/loonie-lingo-teaser\/\" target=\"\">Zobacz szczeg\u00f3\u0142y<\/a><\/div><\/div><div class=\"acf-pictograms__content__products__box\"><a href=\"https:\/\/futurogames.com\/pl\/futuro-multiplicraft\/\" ><div class=\"acf-pictograms__content__products__img\"><img loading=\"lazy\" decoding=\"async\" width=\"388\" height=\"220\" src=\"https:\/\/futurogames.com\/wp-content\/uploads\/2023\/06\/MultipliCraft.png\" class=\"attachment-450x999 size-450x999\" alt=\"\" srcset=\"https:\/\/futurogames.com\/wp-content\/uploads\/2023\/06\/MultipliCraft.png 388w, https:\/\/futurogames.com\/wp-content\/uploads\/2023\/06\/MultipliCraft-300x170.png 300w\" sizes=\"auto, (max-width: 388px) 100vw, 388px\" \/><\/div><\/a><a href=\"https:\/\/futurogames.com\/pl\/futuro-multiplicraft\/\" ><h4 class=\"acf-pictograms__content__products__name\">Futuro MultipliCraft<\/h4><\/a><a href=\"https:\/\/futurogames.com\/pl\/futuro-multiplicraft\/\" ><p class=\"acf-pictograms__content__products__description\">The only multiplication tables course in the world of Minecraft!<\/p><\/a><div class=\"acf-pictograms__content__products__button btn\"><a href=\"https:\/\/futurogames.com\/pl\/futuro-multiplicraft\/\" target=\"\">Zobacz szczeg\u00f3\u0142y<\/a><\/div><\/div><\/div><\/div>            <\/div>\n        <\/div>\n    <\/div>\n        <svg width=\"100%\" height=\"100%\" version=\"1.1\" xmlns=\"http:\/\/www.w3.org\/2000\/svg\" class=\"acf-pictograms__vawe__bottom__wrapper\">\n        <path class=\"acf-pictograms__vawe__bottom__item\" fill=\"#f3f6fb\" \/>\n    <\/svg>\n    <\/section>","protected":false},"excerpt":{"rendered":"","protected":false},"author":1,"featured_media":0,"parent":0,"menu_order":0,"comment_status":"closed","ping_status":"closed","template":"","meta":{"_acf_changed":false,"inline_featured_image":false,"footnotes":""},"class_list":["post-251","page","type-page","status-publish","hentry"],"acf":[],"yoast_head":"<!-- This site is optimized with the Yoast SEO Premium plugin v23.3 (Yoast SEO v23.4) - https:\/\/yoast.com\/wordpress\/plugins\/seo\/ -->\n<title>Home - Futuro Games<\/title>\n<meta name=\"robots\" content=\"index, follow, max-snippet:-1, max-image-preview:large, max-video-preview:-1\" \/>\n<link rel=\"canonical\" href=\"https:\/\/futurogames.com\/pl\/\" \/>\n<meta property=\"og:locale\" content=\"pl_PL\" \/>\n<meta property=\"og:type\" content=\"article\" \/>\n<meta property=\"og:title\" content=\"Home\" \/>\n<meta property=\"og:url\" content=\"https:\/\/futurogames.com\/pl\/\" \/>\n<meta property=\"og:site_name\" content=\"Futuro Games\" \/>\n<meta property=\"article:modified_time\" content=\"2023-09-06T12:39:49+00:00\" \/>\n<meta property=\"og:image\" content=\"https:\/\/futurogames.com\/wp-content\/uploads\/2023\/09\/futurogames-zdjecie-profilowe-v1c.png\" \/>\n\t<meta property=\"og:image:width\" content=\"400\" \/>\n\t<meta property=\"og:image:height\" content=\"400\" \/>\n\t<meta property=\"og:image:type\" content=\"image\/png\" \/>\n<meta name=\"twitter:card\" content=\"summary_large_image\" \/>\n<script type=\"application\/ld+json\" class=\"yoast-schema-graph\">{\"@context\":\"https:\/\/schema.org\",\"@graph\":[{\"@type\":\"WebPage\",\"@id\":\"https:\/\/futurogames.com\/pl\/\",\"url\":\"https:\/\/futurogames.com\/pl\/\",\"name\":\"Home - Futuro Games\",\"isPartOf\":{\"@id\":\"https:\/\/futurogames.com\/pl\/#website\"},\"datePublished\":\"2023-04-28T10:55:55+00:00\",\"dateModified\":\"2023-09-06T12:39:49+00:00\",\"breadcrumb\":{\"@id\":\"https:\/\/futurogames.com\/pl\/#breadcrumb\"},\"inLanguage\":\"pl-PL\",\"potentialAction\":[{\"@type\":\"ReadAction\",\"target\":[\"https:\/\/futurogames.com\/pl\/\"]}]},{\"@type\":\"BreadcrumbList\",\"@id\":\"https:\/\/futurogames.com\/pl\/#breadcrumb\",\"itemListElement\":[{\"@type\":\"ListItem\",\"position\":1,\"name\":\"Strona g\u0142\u00f3wna\",\"item\":\"https:\/\/futurogames.com\/pl\/\"},{\"@type\":\"ListItem\",\"position\":2,\"name\":\"Home\"}]},{\"@type\":\"WebSite\",\"@id\":\"https:\/\/futurogames.com\/pl\/#website\",\"url\":\"https:\/\/futurogames.com\/pl\/\",\"name\":\"Futuro Games\",\"description\":\"At Futuro Games, we believe that education should be fun, inspiring, and accessible to all.\",\"publisher\":{\"@id\":\"https:\/\/futurogames.com\/pl\/#organization\"},\"potentialAction\":[{\"@type\":\"SearchAction\",\"target\":{\"@type\":\"EntryPoint\",\"urlTemplate\":\"https:\/\/futurogames.com\/pl\/?s={search_term_string}\"},\"query-input\":{\"@type\":\"PropertyValueSpecification\",\"valueRequired\":true,\"valueName\":\"search_term_string\"}}],\"inLanguage\":\"pl-PL\"},{\"@type\":\"Organization\",\"@id\":\"https:\/\/futurogames.com\/pl\/#organization\",\"name\":\"Futuro Games\",\"url\":\"https:\/\/futurogames.com\/pl\/\",\"logo\":{\"@type\":\"ImageObject\",\"inLanguage\":\"pl-PL\",\"@id\":\"https:\/\/futurogames.com\/pl\/#\/schema\/logo\/image\/\",\"url\":\"https:\/\/futurogames.com\/wp-content\/uploads\/2023\/09\/futurogames-zdjecie-profilowe-v1c.png\",\"contentUrl\":\"https:\/\/futurogames.com\/wp-content\/uploads\/2023\/09\/futurogames-zdjecie-profilowe-v1c.png\",\"width\":400,\"height\":400,\"caption\":\"Futuro Games\"},\"image\":{\"@id\":\"https:\/\/futurogames.com\/pl\/#\/schema\/logo\/image\/\"}}]}<\/script>\n<!-- \/ Yoast SEO Premium plugin. -->","yoast_head_json":{"title":"Home - Futuro Games","robots":{"index":"index","follow":"follow","max-snippet":"max-snippet:-1","max-image-preview":"max-image-preview:large","max-video-preview":"max-video-preview:-1"},"canonical":"https:\/\/futurogames.com\/pl\/","og_locale":"pl_PL","og_type":"article","og_title":"Home","og_url":"https:\/\/futurogames.com\/pl\/","og_site_name":"Futuro Games","article_modified_time":"2023-09-06T12:39:49+00:00","og_image":[{"width":400,"height":400,"url":"https:\/\/futurogames.com\/wp-content\/uploads\/2023\/09\/futurogames-zdjecie-profilowe-v1c.png","type":"image\/png"}],"twitter_card":"summary_large_image","schema":{"@context":"https:\/\/schema.org","@graph":[{"@type":"WebPage","@id":"https:\/\/futurogames.com\/pl\/","url":"https:\/\/futurogames.com\/pl\/","name":"Home - Futuro Games","isPartOf":{"@id":"https:\/\/futurogames.com\/pl\/#website"},"datePublished":"2023-04-28T10:55:55+00:00","dateModified":"2023-09-06T12:39:49+00:00","breadcrumb":{"@id":"https:\/\/futurogames.com\/pl\/#breadcrumb"},"inLanguage":"pl-PL","potentialAction":[{"@type":"ReadAction","target":["https:\/\/futurogames.com\/pl\/"]}]},{"@type":"BreadcrumbList","@id":"https:\/\/futurogames.com\/pl\/#breadcrumb","itemListElement":[{"@type":"ListItem","position":1,"name":"Strona g\u0142\u00f3wna","item":"https:\/\/futurogames.com\/pl\/"},{"@type":"ListItem","position":2,"name":"Home"}]},{"@type":"WebSite","@id":"https:\/\/futurogames.com\/pl\/#website","url":"https:\/\/futurogames.com\/pl\/","name":"Futuro Games","description":"At Futuro Games, we believe that education should be fun, inspiring, and accessible to all.","publisher":{"@id":"https:\/\/futurogames.com\/pl\/#organization"},"potentialAction":[{"@type":"SearchAction","target":{"@type":"EntryPoint","urlTemplate":"https:\/\/futurogames.com\/pl\/?s={search_term_string}"},"query-input":{"@type":"PropertyValueSpecification","valueRequired":true,"valueName":"search_term_string"}}],"inLanguage":"pl-PL"},{"@type":"Organization","@id":"https:\/\/futurogames.com\/pl\/#organization","name":"Futuro Games","url":"https:\/\/futurogames.com\/pl\/","logo":{"@type":"ImageObject","inLanguage":"pl-PL","@id":"https:\/\/futurogames.com\/pl\/#\/schema\/logo\/image\/","url":"https:\/\/futurogames.com\/wp-content\/uploads\/2023\/09\/futurogames-zdjecie-profilowe-v1c.png","contentUrl":"https:\/\/futurogames.com\/wp-content\/uploads\/2023\/09\/futurogames-zdjecie-profilowe-v1c.png","width":400,"height":400,"caption":"Futuro Games"},"image":{"@id":"https:\/\/futurogames.com\/pl\/#\/schema\/logo\/image\/"}}]}},"_links":{"self":[{"href":"https:\/\/futurogames.com\/pl\/wp-json\/wp\/v2\/pages\/251","targetHints":{"allow":["GET"]}}],"collection":[{"href":"https:\/\/futurogames.com\/pl\/wp-json\/wp\/v2\/pages"}],"about":[{"href":"https:\/\/futurogames.com\/pl\/wp-json\/wp\/v2\/types\/page"}],"author":[{"embeddable":true,"href":"https:\/\/futurogames.com\/pl\/wp-json\/wp\/v2\/users\/1"}],"replies":[{"embeddable":true,"href":"https:\/\/futurogames.com\/pl\/wp-json\/wp\/v2\/comments?post=251"}],"version-history":[{"count":1,"href":"https:\/\/futurogames.com\/pl\/wp-json\/wp\/v2\/pages\/251\/revisions"}],"predecessor-version":[{"id":3722,"href":"https:\/\/futurogames.com\/pl\/wp-json\/wp\/v2\/pages\/251\/revisions\/3722"}],"wp:attachment":[{"href":"https:\/\/futurogames.com\/pl\/wp-json\/wp\/v2\/media?parent=251"}],"curies":[{"name":"wp","href":"https:\/\/api.w.org\/{rel}","templated":true}]}}