{"id":2092,"date":"2023-04-28T12:55:55","date_gmt":"2023-04-28T10:55:55","guid":{"rendered":"https:\/\/futurogames.com\/casa\/"},"modified":"2023-09-04T13:59:38","modified_gmt":"2023-09-04T11:59:38","slug":"casa","status":"publish","type":"page","link":"https:\/\/futurogames.com\/it\/","title":{"rendered":"Homepage"},"content":{"rendered":"<section class=\"acf-header  acf-header--absolute\" id=\"header-block_15f796a3fd59b0229e69e312d80ece45\">\n    <div class=\"acf-header__bg\" style=\"background-color: ; \">\n        <div class=\"container\">\n            <div class=\"acf-header__wrapper\">\n                <div class=\"acf-header__logo\">\n                    <a href=\"https:\/\/futurogames.com\/it\/\">\n                        <img loading=\"lazy\" decoding=\"async\" width=\"236\" height=\"75\" src=\"https:\/\/futurogames.com\/wp-content\/uploads\/2023\/04\/logo.svg\" class=\"attachment-full size-full\" alt=\"\" \/>                    <\/a>\n                <\/div>\n                                    <div class=\"acf-header__nav\">\n                        <div id=\"nav__primary\" class=\"nav__top\"><ul><li id=\"menu-item-852\" class=\"menu-item menu-item-type-custom menu-item-object-custom menu-item-852\"><a href=\"#contact\">Contact<\/a><\/li>\n<li id=\"menu-item-3016\" class=\"menu-item menu-item-type-custom menu-item-object-custom menu-item-has-children menu-item-3016\"><a href=\"#\">Products<\/a>\n<ul class=\"sub-menu\">\n\t<li id=\"menu-item-3474\" class=\"menu-item menu-item-type-custom menu-item-object-custom menu-item-3474\"><a href=\"https:\/\/virtualone.futurogames.com\/fr\/cours-danglais-dans-le-monde-de-minecraft\/\">Futuro Virtual One<\/a><\/li>\n\t<li id=\"menu-item-3473\" class=\"menu-item menu-item-type-custom menu-item-object-custom menu-item-3473\"><a href=\"https:\/\/futurogames.com\/fr\/futurolingo1\/\">Futuro Lingo<\/a><\/li>\n\t<li id=\"menu-item-3015\" class=\"menu-item menu-item-type-post_type menu-item-object-page menu-item-3015\"><a href=\"https:\/\/futurogames.com\/multiplicraft\/\">Futuro Math Masters<\/a><\/li>\n<\/ul>\n<\/li>\n<\/ul><\/div>                        <div class=\"acf-header__nav__lang\">\n                        \n<div class=\"wpml-ls-statics-shortcode_actions wpml-ls wpml-ls-legacy-dropdown-click js-wpml-ls-legacy-dropdown-click\">\n\t<ul>\n\n\t\t<li class=\"wpml-ls-slot-shortcode_actions wpml-ls-item wpml-ls-item-it wpml-ls-current-language wpml-ls-item-legacy-dropdown-click\">\n\n\t\t\t<a href=\"#\" class=\"js-wpml-ls-item-toggle wpml-ls-item-toggle\">\n                                                    <img decoding=\"async\"\n            class=\"wpml-ls-flag\"\n            src=\"https:\/\/futurogames.com\/wp-content\/plugins\/sitepress-multilingual-cms\/res\/flags\/it.svg\"\n            alt=\"\"\n            width=18\n            height=12\n    \/><span class=\"wpml-ls-native\">IT<\/span><\/a>\n\n\t\t\t<ul class=\"js-wpml-ls-sub-menu wpml-ls-sub-menu\">\n\t\t\t\t\n\t\t\t\t\t<li class=\"wpml-ls-slot-shortcode_actions wpml-ls-item wpml-ls-item-en wpml-ls-first-item\">\n\t\t\t\t\t\t<a href=\"https:\/\/futurogames.com\/\" class=\"wpml-ls-link\">\n                                                                <img decoding=\"async\"\n            class=\"wpml-ls-flag\"\n            src=\"https:\/\/futurogames.com\/wp-content\/plugins\/sitepress-multilingual-cms\/res\/flags\/en.svg\"\n            alt=\"\"\n            width=18\n            height=12\n    \/><span class=\"wpml-ls-native\" lang=\"en\">EN<\/span><\/a>\n\t\t\t\t\t<\/li>\n\n\t\t\t\t\n\t\t\t\t\t<li class=\"wpml-ls-slot-shortcode_actions wpml-ls-item wpml-ls-item-fr\">\n\t\t\t\t\t\t<a href=\"https:\/\/futurogames.com\/fr\/\" class=\"wpml-ls-link\">\n                                                                <img decoding=\"async\"\n            class=\"wpml-ls-flag\"\n            src=\"https:\/\/futurogames.com\/wp-content\/plugins\/sitepress-multilingual-cms\/res\/flags\/fr.svg\"\n            alt=\"\"\n            width=18\n            height=12\n    \/><span class=\"wpml-ls-native\" lang=\"fr\">FR<\/span><\/a>\n\t\t\t\t\t<\/li>\n\n\t\t\t\t\n\t\t\t\t\t<li class=\"wpml-ls-slot-shortcode_actions wpml-ls-item wpml-ls-item-de\">\n\t\t\t\t\t\t<a href=\"https:\/\/futurogames.com\/de\/\" class=\"wpml-ls-link\">\n                                                                <img decoding=\"async\"\n            class=\"wpml-ls-flag\"\n            src=\"https:\/\/futurogames.com\/wp-content\/plugins\/sitepress-multilingual-cms\/res\/flags\/de.svg\"\n            alt=\"\"\n            width=18\n            height=12\n    \/><span class=\"wpml-ls-native\" lang=\"de\">DE<\/span><\/a>\n\t\t\t\t\t<\/li>\n\n\t\t\t\t\n\t\t\t\t\t<li class=\"wpml-ls-slot-shortcode_actions wpml-ls-item wpml-ls-item-pl\">\n\t\t\t\t\t\t<a href=\"https:\/\/futurogames.com\/pl\/\" class=\"wpml-ls-link\">\n                                                                <img decoding=\"async\"\n            class=\"wpml-ls-flag\"\n            src=\"https:\/\/futurogames.com\/wp-content\/plugins\/sitepress-multilingual-cms\/res\/flags\/pl.svg\"\n            alt=\"\"\n            width=18\n            height=12\n    \/><span class=\"wpml-ls-native\" lang=\"pl\">PL<\/span><\/a>\n\t\t\t\t\t<\/li>\n\n\t\t\t\t\n\t\t\t\t\t<li class=\"wpml-ls-slot-shortcode_actions wpml-ls-item wpml-ls-item-es\">\n\t\t\t\t\t\t<a href=\"https:\/\/futurogames.com\/es\/\" class=\"wpml-ls-link\">\n                                                                <img decoding=\"async\"\n            class=\"wpml-ls-flag\"\n            src=\"https:\/\/futurogames.com\/wp-content\/plugins\/sitepress-multilingual-cms\/res\/flags\/es.svg\"\n            alt=\"\"\n            width=18\n            height=12\n    \/><span class=\"wpml-ls-native\" lang=\"es\">ES<\/span><\/a>\n\t\t\t\t\t<\/li>\n\n\t\t\t\t\n\t\t\t\t\t<li class=\"wpml-ls-slot-shortcode_actions wpml-ls-item wpml-ls-item-id\">\n\t\t\t\t\t\t<a href=\"https:\/\/futurogames.com\/id\/\" class=\"wpml-ls-link\">\n                                                                <img decoding=\"async\"\n            class=\"wpml-ls-flag\"\n            src=\"https:\/\/futurogames.com\/wp-content\/plugins\/sitepress-multilingual-cms\/res\/flags\/id.svg\"\n            alt=\"\"\n            width=18\n            height=12\n    \/><span class=\"wpml-ls-native\" lang=\"id\">Indonesia<\/span><span class=\"wpml-ls-display\"><span class=\"wpml-ls-bracket\"> (<\/span>ID<span class=\"wpml-ls-bracket\">)<\/span><\/span><\/a>\n\t\t\t\t\t<\/li>\n\n\t\t\t\t\n\t\t\t\t\t<li class=\"wpml-ls-slot-shortcode_actions wpml-ls-item wpml-ls-item-us wpml-ls-last-item\">\n\t\t\t\t\t\t<a href=\"https:\/\/futurogames.com\/us\/\" class=\"wpml-ls-link\">\n                                                                <img decoding=\"async\"\n            class=\"wpml-ls-flag\"\n            src=\"https:\/\/futurogames.com\/wp-content\/uploads\/flags\/us[1].svg\"\n            alt=\"\"\n            width=18\n            height=12\n    \/><span class=\"wpml-ls-native\" lang=\"us\">US<\/span><\/a>\n\t\t\t\t\t<\/li>\n\n\t\t\t\t\t\t\t<\/ul>\n\n\t\t<\/li>\n\n\t<\/ul>\n<\/div>\n                        <\/div>\n                    <\/div>\n                            <\/div>\n        <\/div>\n    <\/div>\n    <\/section><section class=\"acf-hero\" id=\"home\">\n    <div class=\"acf-hero__bg\" style=\"background-color: #072ac8; \">\n        <div class=\"container\">\n            <div class=\"acf-hero__wrapper\">\n                <div class=\"acf-hero__col acf-hero__col--left\">\n                    <div class=\"acf-hero__content__text\"><h1>Noi di <strong>Futuro<\/strong>games crediamo <span style=\"color: #ffc600;\"><br \/>\n  <strong>crediamo che l&#8217;istruzione debba essere divertente, stimolante e accessibile a tutti,<\/strong><br \/>\n<\/span><\/h1>\n<p>Sappiamo che <strong>ogni bambino impara in modo diverso<\/strong>, per questo abbiamo sviluppato un approccio unico all&#8217;apprendimento che combina giochi e concetti popolari con contenuti educativi di qualit\u00e0.<\/p>\n<p>La nostra visione \u00e8 quella di fornire alle nuove generazioni le competenze e le conoscenze necessarie per avere successo in un mondo in continua evoluzione. Crediamo che, rendendo l&#8217;apprendimento piacevole e interattivo, possiamo accendere nei bambini una passione per l&#8217;istruzione che durer\u00e0 tutta la vita e fornire loro gli strumenti per raggiungere il loro pieno potenziale.<\/p>\n<p>Ci impegniamo a fornire <strong>corsi di alta qualit\u00e0 progettati per sfidare e coinvolgere i bambini di tutte le et\u00e0 e abilit\u00e0.<\/strong> Il nostro team di esperti educatori e progettisti di giochi lavora instancabilmente per creare programmi che non siano solo educativi, ma anche divertenti ed emozionanti.<\/p>\n<p>Al Looniverso <strong>diamo valore alla creativit\u00e0, all&#8217;innovazione e all&#8217;eccellenza in tutto ci\u00f2 che facciamo.<\/strong> Siamo appassionati nel fare la differenza nella vita dei bambini e ci dedichiamo a fornire un ambiente di apprendimento solidale e inclusivo.<\/p>\n<p><strong>Unitevi a noi nella nostra missione di rivoluzionare l&#8217;istruzione e ispirare la prossima generazione di studenti.<\/strong>  Iscrivete oggi stesso vostro figlio a uno dei nostri corsi di Minecraft, Roblox o Lego!&#8221;.<\/p>\n<\/div>                <\/div>\n                <div class=\"acf-hero__col acf-hero__col--right\">\n                    <div class=\"acf-hero__content__img\"><img loading=\"lazy\" decoding=\"async\" width=\"772\" height=\"849\" src=\"https:\/\/futurogames.com\/wp-content\/uploads\/2023\/04\/tmp_home_hero-1.png\" class=\"attachment-full size-full\" alt=\"\" srcset=\"https:\/\/futurogames.com\/wp-content\/uploads\/2023\/04\/tmp_home_hero-1.png 772w, https:\/\/futurogames.com\/wp-content\/uploads\/2023\/04\/tmp_home_hero-1-600x660.png 600w, https:\/\/futurogames.com\/wp-content\/uploads\/2023\/04\/tmp_home_hero-1-273x300.png 273w, https:\/\/futurogames.com\/wp-content\/uploads\/2023\/04\/tmp_home_hero-1-768x845.png 768w, https:\/\/futurogames.com\/wp-content\/uploads\/2023\/04\/tmp_home_hero-1-418x460.png 418w, https:\/\/futurogames.com\/wp-content\/uploads\/2023\/04\/tmp_home_hero-1-264x290.png 264w, https:\/\/futurogames.com\/wp-content\/uploads\/2023\/04\/tmp_home_hero-1-291x320.png 291w\" sizes=\"auto, (max-width: 772px) 100vw, 772px\" \/><\/div>                <\/div>\n            <\/div>\n        <\/div>\n                    <a href=\"#next\" class=\"acf-hero__arrow\">\n                <svg xmlns=\"http:\/\/www.w3.org\/2000\/svg\" width=\"40\" height=\"40\" viewBox=\"0 0 40 40\">\n                    <g id=\"ic-arrows-bottom\" transform=\"translate(7.78 8.435)\">\n                        <g id=\"Group_625\" data-name=\"Group 625\" transform=\"translate(0 -0.365)\">\n                            <line id=\"Line_55\" data-name=\"Line 55\" y2=\"16.14\" transform=\"translate(12 3.93)\" fill=\"none\" stroke=\"#f3f6fb\" stroke-linecap=\"round\" stroke-linejoin=\"bevel\" stroke-width=\"1.5\" \/>\n                            <path id=\"Path_44\" data-name=\"Path 44\" d=\"M7.22,15.67l4.11,4.11a1,1,0,0,0,1.41,0l4-4\" fill=\"none\" stroke=\"#f3f6fb\" stroke-linecap=\"round\" stroke-linejoin=\"bevel\" stroke-width=\"1.5\" \/>\n                        <\/g>\n                        <g id=\"Ellipse_5\" data-name=\"Ellipse 5\" transform=\"translate(-7.78 -8.435)\" fill=\"none\" stroke=\"#f3f6fb\" stroke-width=\"1\">\n                            <circle cx=\"20\" cy=\"20\" r=\"20\" stroke=\"none\" \/>\n                            <circle cx=\"20\" cy=\"20\" r=\"19.5\" fill=\"none\" \/>\n                        <\/g>\n                    <\/g>\n                <\/svg>\n            <\/a>\n            <\/div>\n            <svg width=\"100%\" height=\"100%\" version=\"1.1\" xmlns=\"http:\/\/www.w3.org\/2000\/svg\" class=\"acf-hero__vawe__wrapper\">\n                            <path class=\"acf-hero__vawe__item\" fill=\"#ffc600\" \/>\n                            <path class=\"acf-hero__vawe__item\" fill=\"#072ac8\" \/>\n                    <\/svg>\n    <\/section><section class=\"acf-pictograms\" id=\"block_c76148ae3892c6a508eda43250bbfe15\">\n    <div class=\"acf-pictograms__bg bg\" style=\"background-color: #f3f6fb; \">\n        <div class=\"container  \">\n            <div class=\"acf-pictograms__wrapper\">\n                <div class=\"acf-pictograms__content__video\"><div class=\"video__wrapper\"><iframe loading=\"lazy\" src=\"https:\/\/player.vimeo.com\/video\/846922077?badge=0&amp;autopause=0&amp;player_id=0&amp;app_id=58479\" width=\"1920\" height=\"1080\" frameborder=\"0\" allow=\"autoplay; fullscreen; picture-in-picture\" title=\"Virtual One - Minecraft English Course\"><\/iframe><\/div><\/div>            <\/div>\n        <\/div>\n    <\/div>\n    <\/section><section class=\"acf-pictograms\" id=\"next\">\n    <div class=\"acf-pictograms__bg bg\" style=\"background-color: #f3f6fb; \">\n        <div class=\"container  acf-pictograms__small__height\">\n            <div class=\"acf-pictograms__wrapper\">\n                <div class=\"acf-pictograms__content__text\"><h2 style=\"text-align: center;\">Prodotti<\/h2>\n<\/div><div class=\"acf-pictograms__content__products\"><div class=\"acf-pictograms__content__products__wrapper\"><div class=\"acf-pictograms__content__products__box\"><a href=\"http:\/\/virtualone.futurogames.com\/it\" ><div class=\"acf-pictograms__content__products__img\"><img loading=\"lazy\" decoding=\"async\" width=\"388\" height=\"220\" src=\"https:\/\/futurogames.com\/wp-content\/uploads\/2023\/06\/Virtual-One.png\" class=\"attachment-450x999 size-450x999\" alt=\"\" srcset=\"https:\/\/futurogames.com\/wp-content\/uploads\/2023\/06\/Virtual-One.png 388w, https:\/\/futurogames.com\/wp-content\/uploads\/2023\/06\/Virtual-One-300x170.png 300w\" sizes=\"auto, (max-width: 388px) 100vw, 388px\" \/><\/div><\/a><a href=\"http:\/\/virtualone.futurogames.com\/it\" ><h4 class=\"acf-pictograms__content__products__name\">Futuro Virtual One<\/h4><\/a><a href=\"http:\/\/virtualone.futurogames.com\/it\" ><p class=\"acf-pictograms__content__products__description\">L&#8217;unico corso di lingua nel mondo di Minecraft!<\/p><\/a><div class=\"acf-pictograms__content__products__button btn\"><a href=\"http:\/\/virtualone.futurogames.com\/it\" target=\"\">Vedi dettagli<\/a><\/div><\/div><div class=\"acf-pictograms__content__products__box\"><a href=\"https:\/\/futurogames.com\/it\/loonie-lingo-teaser\/\" ><div class=\"acf-pictograms__content__products__img\"><img loading=\"lazy\" decoding=\"async\" width=\"388\" height=\"220\" src=\"https:\/\/futurogames.com\/wp-content\/uploads\/2023\/06\/loonilngo.png\" class=\"attachment-450x999 size-450x999\" alt=\"\" srcset=\"https:\/\/futurogames.com\/wp-content\/uploads\/2023\/06\/loonilngo.png 388w, https:\/\/futurogames.com\/wp-content\/uploads\/2023\/06\/loonilngo-300x170.png 300w\" sizes=\"auto, (max-width: 388px) 100vw, 388px\" \/><\/div><\/a><a href=\"https:\/\/futurogames.com\/it\/loonie-lingo-teaser\/\" ><h4 class=\"acf-pictograms__content__products__name\">Futuro Lingo<\/h4><\/a><a href=\"https:\/\/futurogames.com\/it\/loonie-lingo-teaser\/\" ><p class=\"acf-pictograms__content__products__description\">Corso di apprendimento elettronico di inglese A1 potenziato dall&#8217;intelligenza artificiale<\/p><\/a><div class=\"acf-pictograms__content__products__button btn\"><a href=\"https:\/\/futurogames.com\/it\/loonie-lingo-teaser\/\" target=\"\">Vedi dettagli<\/a><\/div><\/div><div class=\"acf-pictograms__content__products__box\"><a href=\"https:\/\/futurogames.com\/it\/multiplicraft-2\/\" ><div class=\"acf-pictograms__content__products__img\"><img loading=\"lazy\" decoding=\"async\" width=\"388\" height=\"220\" src=\"https:\/\/futurogames.com\/wp-content\/uploads\/2023\/06\/MultipliCraft.png\" class=\"attachment-450x999 size-450x999\" alt=\"\" srcset=\"https:\/\/futurogames.com\/wp-content\/uploads\/2023\/06\/MultipliCraft.png 388w, https:\/\/futurogames.com\/wp-content\/uploads\/2023\/06\/MultipliCraft-300x170.png 300w\" sizes=\"auto, (max-width: 388px) 100vw, 388px\" \/><\/div><\/a><a href=\"https:\/\/futurogames.com\/it\/multiplicraft-2\/\" ><h4 class=\"acf-pictograms__content__products__name\">Futuro MultipliCraft<\/h4><\/a><a href=\"https:\/\/futurogames.com\/it\/multiplicraft-2\/\" ><p class=\"acf-pictograms__content__products__description\">L&#8217;unico corso di tabelline di moltiplicazione nel mondo di Minecraft!<\/p><\/a><div class=\"acf-pictograms__content__products__button btn\"><a href=\"https:\/\/futurogames.com\/it\/multiplicraft-2\/\" target=\"\">Vedi dettagli<\/a><\/div><\/div><\/div><\/div>            <\/div>\n        <\/div>\n    <\/div>\n        <svg width=\"100%\" height=\"100%\" version=\"1.1\" xmlns=\"http:\/\/www.w3.org\/2000\/svg\" class=\"acf-pictograms__vawe__bottom__wrapper\">\n        <path class=\"acf-pictograms__vawe__bottom__item\" fill=\"#f3f6fb\" \/>\n    <\/svg>\n    <\/section>","protected":false},"excerpt":{"rendered":"","protected":false},"author":1,"featured_media":0,"parent":0,"menu_order":0,"comment_status":"closed","ping_status":"closed","template":"","meta":{"_acf_changed":false,"inline_featured_image":false,"footnotes":""},"class_list":["post-2092","page","type-page","status-publish","hentry"],"acf":[],"yoast_head":"<!-- This site is optimized with the Yoast SEO Premium plugin v23.3 (Yoast SEO v23.4) - https:\/\/yoast.com\/wordpress\/plugins\/seo\/ -->\n<title>Homepage - Futuro Games<\/title>\n<meta name=\"robots\" content=\"index, follow, max-snippet:-1, max-image-preview:large, max-video-preview:-1\" \/>\n<link rel=\"canonical\" href=\"https:\/\/futurogames.com\/it\/\" \/>\n<meta property=\"og:locale\" content=\"en_US\" \/>\n<meta property=\"og:type\" content=\"article\" \/>\n<meta property=\"og:title\" content=\"Homepage\" \/>\n<meta property=\"og:url\" content=\"https:\/\/futurogames.com\/it\/\" \/>\n<meta property=\"og:site_name\" content=\"Futuro Games\" \/>\n<meta property=\"article:modified_time\" content=\"2023-09-04T11:59:38+00:00\" \/>\n<meta property=\"og:image\" content=\"https:\/\/futurogames.com\/wp-content\/uploads\/2023\/09\/futurogames-zdjecie-profilowe-v1c.png\" \/>\n\t<meta property=\"og:image:width\" content=\"400\" \/>\n\t<meta property=\"og:image:height\" content=\"400\" \/>\n\t<meta property=\"og:image:type\" content=\"image\/png\" \/>\n<meta name=\"twitter:card\" content=\"summary_large_image\" \/>\n<script type=\"application\/ld+json\" class=\"yoast-schema-graph\">{\"@context\":\"https:\/\/schema.org\",\"@graph\":[{\"@type\":\"WebPage\",\"@id\":\"https:\/\/futurogames.com\/it\/\",\"url\":\"https:\/\/futurogames.com\/it\/\",\"name\":\"Homepage - Futuro Games\",\"isPartOf\":{\"@id\":\"https:\/\/futurogames.com\/it\/#website\"},\"datePublished\":\"2023-04-28T10:55:55+00:00\",\"dateModified\":\"2023-09-04T11:59:38+00:00\",\"breadcrumb\":{\"@id\":\"https:\/\/futurogames.com\/it\/#breadcrumb\"},\"inLanguage\":\"il-IT\",\"potentialAction\":[{\"@type\":\"ReadAction\",\"target\":[\"https:\/\/futurogames.com\/it\/\"]}]},{\"@type\":\"BreadcrumbList\",\"@id\":\"https:\/\/futurogames.com\/it\/#breadcrumb\",\"itemListElement\":[{\"@type\":\"ListItem\",\"position\":1,\"name\":\"Strona g\u0142\u00f3wna\",\"item\":\"https:\/\/futurogames.com\/it\/\"},{\"@type\":\"ListItem\",\"position\":2,\"name\":\"Homepage\"}]},{\"@type\":\"WebSite\",\"@id\":\"https:\/\/futurogames.com\/it\/#website\",\"url\":\"https:\/\/futurogames.com\/it\/\",\"name\":\"Futuro Games\",\"description\":\"At Futuro Games, we believe that education should be fun, inspiring, and accessible to all.\",\"publisher\":{\"@id\":\"https:\/\/futurogames.com\/it\/#organization\"},\"potentialAction\":[{\"@type\":\"SearchAction\",\"target\":{\"@type\":\"EntryPoint\",\"urlTemplate\":\"https:\/\/futurogames.com\/it\/?s={search_term_string}\"},\"query-input\":{\"@type\":\"PropertyValueSpecification\",\"valueRequired\":true,\"valueName\":\"search_term_string\"}}],\"inLanguage\":\"il-IT\"},{\"@type\":\"Organization\",\"@id\":\"https:\/\/futurogames.com\/it\/#organization\",\"name\":\"Futuro Games\",\"url\":\"https:\/\/futurogames.com\/it\/\",\"logo\":{\"@type\":\"ImageObject\",\"inLanguage\":\"il-IT\",\"@id\":\"https:\/\/futurogames.com\/it\/#\/schema\/logo\/image\/\",\"url\":\"https:\/\/futurogames.com\/wp-content\/uploads\/2023\/09\/futurogames-zdjecie-profilowe-v1c.png\",\"contentUrl\":\"https:\/\/futurogames.com\/wp-content\/uploads\/2023\/09\/futurogames-zdjecie-profilowe-v1c.png\",\"width\":400,\"height\":400,\"caption\":\"Futuro Games\"},\"image\":{\"@id\":\"https:\/\/futurogames.com\/it\/#\/schema\/logo\/image\/\"}}]}<\/script>\n<!-- \/ Yoast SEO Premium plugin. -->","yoast_head_json":{"title":"Homepage - Futuro Games","robots":{"index":"index","follow":"follow","max-snippet":"max-snippet:-1","max-image-preview":"max-image-preview:large","max-video-preview":"max-video-preview:-1"},"canonical":"https:\/\/futurogames.com\/it\/","og_locale":"en_US","og_type":"article","og_title":"Homepage","og_url":"https:\/\/futurogames.com\/it\/","og_site_name":"Futuro Games","article_modified_time":"2023-09-04T11:59:38+00:00","og_image":[{"width":400,"height":400,"url":"https:\/\/futurogames.com\/wp-content\/uploads\/2023\/09\/futurogames-zdjecie-profilowe-v1c.png","type":"image\/png"}],"twitter_card":"summary_large_image","schema":{"@context":"https:\/\/schema.org","@graph":[{"@type":"WebPage","@id":"https:\/\/futurogames.com\/it\/","url":"https:\/\/futurogames.com\/it\/","name":"Homepage - Futuro Games","isPartOf":{"@id":"https:\/\/futurogames.com\/it\/#website"},"datePublished":"2023-04-28T10:55:55+00:00","dateModified":"2023-09-04T11:59:38+00:00","breadcrumb":{"@id":"https:\/\/futurogames.com\/it\/#breadcrumb"},"inLanguage":"il-IT","potentialAction":[{"@type":"ReadAction","target":["https:\/\/futurogames.com\/it\/"]}]},{"@type":"BreadcrumbList","@id":"https:\/\/futurogames.com\/it\/#breadcrumb","itemListElement":[{"@type":"ListItem","position":1,"name":"Strona g\u0142\u00f3wna","item":"https:\/\/futurogames.com\/it\/"},{"@type":"ListItem","position":2,"name":"Homepage"}]},{"@type":"WebSite","@id":"https:\/\/futurogames.com\/it\/#website","url":"https:\/\/futurogames.com\/it\/","name":"Futuro Games","description":"At Futuro Games, we believe that education should be fun, inspiring, and accessible to all.","publisher":{"@id":"https:\/\/futurogames.com\/it\/#organization"},"potentialAction":[{"@type":"SearchAction","target":{"@type":"EntryPoint","urlTemplate":"https:\/\/futurogames.com\/it\/?s={search_term_string}"},"query-input":{"@type":"PropertyValueSpecification","valueRequired":true,"valueName":"search_term_string"}}],"inLanguage":"il-IT"},{"@type":"Organization","@id":"https:\/\/futurogames.com\/it\/#organization","name":"Futuro Games","url":"https:\/\/futurogames.com\/it\/","logo":{"@type":"ImageObject","inLanguage":"il-IT","@id":"https:\/\/futurogames.com\/it\/#\/schema\/logo\/image\/","url":"https:\/\/futurogames.com\/wp-content\/uploads\/2023\/09\/futurogames-zdjecie-profilowe-v1c.png","contentUrl":"https:\/\/futurogames.com\/wp-content\/uploads\/2023\/09\/futurogames-zdjecie-profilowe-v1c.png","width":400,"height":400,"caption":"Futuro Games"},"image":{"@id":"https:\/\/futurogames.com\/it\/#\/schema\/logo\/image\/"}}]}},"_links":{"self":[{"href":"https:\/\/futurogames.com\/it\/wp-json\/wp\/v2\/pages\/2092","targetHints":{"allow":["GET"]}}],"collection":[{"href":"https:\/\/futurogames.com\/it\/wp-json\/wp\/v2\/pages"}],"about":[{"href":"https:\/\/futurogames.com\/it\/wp-json\/wp\/v2\/types\/page"}],"author":[{"embeddable":true,"href":"https:\/\/futurogames.com\/it\/wp-json\/wp\/v2\/users\/1"}],"replies":[{"embeddable":true,"href":"https:\/\/futurogames.com\/it\/wp-json\/wp\/v2\/comments?post=2092"}],"version-history":[{"count":0,"href":"https:\/\/futurogames.com\/it\/wp-json\/wp\/v2\/pages\/2092\/revisions"}],"wp:attachment":[{"href":"https:\/\/futurogames.com\/it\/wp-json\/wp\/v2\/media?parent=2092"}],"curies":[{"name":"wp","href":"https:\/\/api.w.org\/{rel}","templated":true}]}}