{"id":563,"date":"2023-05-08T14:50:17","date_gmt":"2023-05-08T12:50:17","guid":{"rendered":"https:\/\/looniverso.pl\/gratulacje\/"},"modified":"2023-09-19T17:22:27","modified_gmt":"2023-09-19T15:22:27","slug":"felicitations","status":"publish","type":"page","link":"https:\/\/futurogames.com\/fr\/felicitations\/","title":{"rendered":"F\u00e9licitations"},"content":{"rendered":"<section class=\"acf-header \" id=\"header-block_a9b6336e764df6ff5be707d31ac2b37d\">\n    <div class=\"acf-header__bg\" style=\"background-color: #072ac8; \">\n        <div class=\"container\">\n            <div class=\"acf-header__wrapper\">\n                <div class=\"acf-header__logo\">\n                    <a href=\"https:\/\/futurogames.com\/fr\/\">\n                        <img loading=\"lazy\" decoding=\"async\" width=\"236\" height=\"75\" src=\"https:\/\/futurogames.com\/wp-content\/uploads\/2023\/04\/logo.svg\" class=\"attachment-full size-full\" alt=\"\" \/>                    <\/a>\n                <\/div>\n                                    <div class=\"acf-header__nav\">\n                        <div id=\"nav__primary\" class=\"nav__top\"><ul><li id=\"menu-item-850\" class=\"menu-item menu-item-type-custom menu-item-object-custom menu-item-has-children menu-item-850\"><a href=\"#\">Produkte<\/a>\n<ul class=\"sub-menu\">\n\t<li id=\"menu-item-2690\" class=\"menu-item menu-item-type-post_type menu-item-object-page menu-item-2690\"><a href=\"https:\/\/futurogames.com\/fr\/futurolingo1\/\">Futuro Lingo<\/a><\/li>\n\t<li id=\"menu-item-2689\" class=\"menu-item menu-item-type-post_type menu-item-object-page menu-item-2689\"><a href=\"https:\/\/futurogames.com\/fr\/multiplicraft\/\">Futuro Math Masters<\/a><\/li>\n<\/ul>\n<\/li>\n<li id=\"menu-item-851\" class=\"menu-item menu-item-type-custom menu-item-object-custom menu-item-851\"><a href=\"#contact\">Kontakt<\/a><\/li>\n<\/ul><\/div>                        <div class=\"acf-header__nav__lang\">\n                        \n<div class=\"wpml-ls-statics-shortcode_actions wpml-ls wpml-ls-legacy-dropdown-click js-wpml-ls-legacy-dropdown-click\">\n\t<ul>\n\n\t\t<li class=\"wpml-ls-slot-shortcode_actions wpml-ls-item wpml-ls-item-fr wpml-ls-current-language wpml-ls-item-legacy-dropdown-click\">\n\n\t\t\t<a href=\"#\" class=\"js-wpml-ls-item-toggle wpml-ls-item-toggle\">\n                                                    <img decoding=\"async\"\n            class=\"wpml-ls-flag\"\n            src=\"https:\/\/futurogames.com\/wp-content\/plugins\/sitepress-multilingual-cms\/res\/flags\/fr.svg\"\n            alt=\"\"\n            width=18\n            height=12\n    \/><span class=\"wpml-ls-native\">FR<\/span><\/a>\n\n\t\t\t<ul class=\"js-wpml-ls-sub-menu wpml-ls-sub-menu\">\n\t\t\t\t\n\t\t\t\t\t<li class=\"wpml-ls-slot-shortcode_actions wpml-ls-item wpml-ls-item-en wpml-ls-first-item\">\n\t\t\t\t\t\t<a href=\"https:\/\/futurogames.com\/\" class=\"wpml-ls-link\">\n                                                                <img decoding=\"async\"\n            class=\"wpml-ls-flag\"\n            src=\"https:\/\/futurogames.com\/wp-content\/plugins\/sitepress-multilingual-cms\/res\/flags\/en.svg\"\n            alt=\"\"\n            width=18\n            height=12\n    \/><span class=\"wpml-ls-native\" lang=\"en\">EN<\/span><\/a>\n\t\t\t\t\t<\/li>\n\n\t\t\t\t\n\t\t\t\t\t<li class=\"wpml-ls-slot-shortcode_actions wpml-ls-item wpml-ls-item-de\">\n\t\t\t\t\t\t<a href=\"https:\/\/futurogames.com\/de\/\" class=\"wpml-ls-link\">\n                                                                <img decoding=\"async\"\n            class=\"wpml-ls-flag\"\n            src=\"https:\/\/futurogames.com\/wp-content\/plugins\/sitepress-multilingual-cms\/res\/flags\/de.svg\"\n            alt=\"\"\n            width=18\n            height=12\n    \/><span class=\"wpml-ls-native\" lang=\"de\">DE<\/span><\/a>\n\t\t\t\t\t<\/li>\n\n\t\t\t\t\n\t\t\t\t\t<li class=\"wpml-ls-slot-shortcode_actions wpml-ls-item wpml-ls-item-pl\">\n\t\t\t\t\t\t<a href=\"https:\/\/futurogames.com\/pl\/\" class=\"wpml-ls-link\">\n                                                                <img decoding=\"async\"\n            class=\"wpml-ls-flag\"\n            src=\"https:\/\/futurogames.com\/wp-content\/plugins\/sitepress-multilingual-cms\/res\/flags\/pl.svg\"\n            alt=\"\"\n            width=18\n            height=12\n    \/><span class=\"wpml-ls-native\" lang=\"pl\">PL<\/span><\/a>\n\t\t\t\t\t<\/li>\n\n\t\t\t\t\n\t\t\t\t\t<li class=\"wpml-ls-slot-shortcode_actions wpml-ls-item wpml-ls-item-it\">\n\t\t\t\t\t\t<a href=\"https:\/\/futurogames.com\/it\/\" class=\"wpml-ls-link\">\n                                                                <img decoding=\"async\"\n            class=\"wpml-ls-flag\"\n            src=\"https:\/\/futurogames.com\/wp-content\/plugins\/sitepress-multilingual-cms\/res\/flags\/it.svg\"\n            alt=\"\"\n            width=18\n            height=12\n    \/><span class=\"wpml-ls-native\" lang=\"it\">IT<\/span><\/a>\n\t\t\t\t\t<\/li>\n\n\t\t\t\t\n\t\t\t\t\t<li class=\"wpml-ls-slot-shortcode_actions wpml-ls-item wpml-ls-item-es\">\n\t\t\t\t\t\t<a href=\"https:\/\/futurogames.com\/es\/\" class=\"wpml-ls-link\">\n                                                                <img decoding=\"async\"\n            class=\"wpml-ls-flag\"\n            src=\"https:\/\/futurogames.com\/wp-content\/plugins\/sitepress-multilingual-cms\/res\/flags\/es.svg\"\n            alt=\"\"\n            width=18\n            height=12\n    \/><span class=\"wpml-ls-native\" lang=\"es\">ES<\/span><\/a>\n\t\t\t\t\t<\/li>\n\n\t\t\t\t\n\t\t\t\t\t<li class=\"wpml-ls-slot-shortcode_actions wpml-ls-item wpml-ls-item-id\">\n\t\t\t\t\t\t<a href=\"https:\/\/futurogames.com\/id\/\" class=\"wpml-ls-link\">\n                                                                <img decoding=\"async\"\n            class=\"wpml-ls-flag\"\n            src=\"https:\/\/futurogames.com\/wp-content\/plugins\/sitepress-multilingual-cms\/res\/flags\/id.svg\"\n            alt=\"\"\n            width=18\n            height=12\n    \/><span class=\"wpml-ls-native\" lang=\"id\">Indonesia<\/span><span class=\"wpml-ls-display\"><span class=\"wpml-ls-bracket\"> (<\/span>ID<span class=\"wpml-ls-bracket\">)<\/span><\/span><\/a>\n\t\t\t\t\t<\/li>\n\n\t\t\t\t\n\t\t\t\t\t<li class=\"wpml-ls-slot-shortcode_actions wpml-ls-item wpml-ls-item-us wpml-ls-last-item\">\n\t\t\t\t\t\t<a href=\"https:\/\/futurogames.com\/us\/\" class=\"wpml-ls-link\">\n                                                                <img decoding=\"async\"\n            class=\"wpml-ls-flag\"\n            src=\"https:\/\/futurogames.com\/wp-content\/uploads\/flags\/us[1].svg\"\n            alt=\"\"\n            width=18\n            height=12\n    \/><span class=\"wpml-ls-native\" lang=\"us\">US<\/span><\/a>\n\t\t\t\t\t<\/li>\n\n\t\t\t\t\t\t\t<\/ul>\n\n\t\t<\/li>\n\n\t<\/ul>\n<\/div>\n                        <\/div>\n                    <\/div>\n                            <\/div>\n        <\/div>\n    <\/div>\n    <\/section><section class=\"acf-pictograms\" id=\"thx\">\n    <div class=\"acf-pictograms__bg bg\" style=\"background-color: #072ac8; \">\n        <div class=\"container container--small \">\n            <div class=\"acf-pictograms__wrapper\">\n                <div class=\"acf-pictograms__content__text\"><h1 style=\"text-align: center;\"><span style=\"color: #ffffff;\">F\u00e9licitations pour votre nouvel achat !<\/span><\/h1>\n<p style=\"text-align: center;\"><span style=\"color: #ffffff;\">Nous sommes heureux que vous ayez choisi notre entreprise pour enseigner une langue \u00e0 votre enfant. Nous esp\u00e9rons que le cours contribuera \u00e0 enrichir les comp\u00e9tences linguistiques de votre enfant et l&rsquo;aidera \u00e0 r\u00e9ussir dans l&rsquo;avenir. Si vous avez des questions ou si vous avez besoin d&rsquo;aide, notre service client\u00e8le se fera un plaisir de vous aider. Nous vous remercions \u00e0 nouveau d&rsquo;avoir choisi notre entreprise et nous souhaitons \u00e0 votre enfant un apprentissage fructueux !<\/span><\/p>\n<p style=\"text-align: center;\"><span style=\"color: #ffffff;\">Peu apr\u00e8s que votre paiement ait \u00e9t\u00e9 cr\u00e9dit\u00e9, vous recevrez toutes les informations n\u00e9cessaires sur le lancement et le d\u00e9but de notre cours dans votre bo\u00eete aux lettres \u00e9lectroniqu<\/span><\/p>\n<\/div><div class=\"acf-pictograms__content__button\"><div class=\"btn\">\n    <a href=\"https:\/\/futurogames.com\/fr\" target=\"_self\">\n        Retour \u00e0 la page d&rsquo;accueil    <\/a>\n<\/div><\/div>            <\/div>\n        <\/div>\n    <\/div>\n    <\/section>","protected":false},"excerpt":{"rendered":"","protected":false},"author":1,"featured_media":0,"parent":0,"menu_order":0,"comment_status":"closed","ping_status":"closed","template":"templates\/template-thx.php","meta":{"_acf_changed":false,"inline_featured_image":false,"footnotes":""},"class_list":["post-563","page","type-page","status-publish","hentry"],"acf":[],"yoast_head":"<!-- This site is optimized with the Yoast SEO Premium plugin v23.3 (Yoast SEO v23.4) - https:\/\/yoast.com\/wordpress\/plugins\/seo\/ -->\n<title>F\u00e9licitations - Futuro Games<\/title>\n<meta name=\"robots\" content=\"index, follow, max-snippet:-1, max-image-preview:large, max-video-preview:-1\" \/>\n<link rel=\"canonical\" href=\"https:\/\/futurogames.com\/fr\/felicitations\/\" \/>\n<meta property=\"og:locale\" content=\"fr_FR\" \/>\n<meta property=\"og:type\" content=\"article\" \/>\n<meta property=\"og:title\" content=\"F\u00e9licitations\" \/>\n<meta property=\"og:url\" content=\"https:\/\/futurogames.com\/fr\/felicitations\/\" \/>\n<meta property=\"og:site_name\" content=\"Futuro Games\" \/>\n<meta property=\"article:modified_time\" content=\"2023-09-19T15:22:27+00:00\" \/>\n<meta property=\"og:image\" content=\"https:\/\/futurogames.com\/wp-content\/uploads\/2023\/09\/futurogames-zdjecie-profilowe-v1c.png\" \/>\n\t<meta property=\"og:image:width\" content=\"400\" \/>\n\t<meta property=\"og:image:height\" content=\"400\" \/>\n\t<meta property=\"og:image:type\" content=\"image\/png\" \/>\n<meta name=\"twitter:card\" content=\"summary_large_image\" \/>\n<script type=\"application\/ld+json\" class=\"yoast-schema-graph\">{\"@context\":\"https:\/\/schema.org\",\"@graph\":[{\"@type\":\"WebPage\",\"@id\":\"https:\/\/futurogames.com\/fr\/felicitations\/\",\"url\":\"https:\/\/futurogames.com\/fr\/felicitations\/\",\"name\":\"F\u00e9licitations - Futuro Games\",\"isPartOf\":{\"@id\":\"https:\/\/futurogames.com\/fr\/#website\"},\"datePublished\":\"2023-05-08T12:50:17+00:00\",\"dateModified\":\"2023-09-19T15:22:27+00:00\",\"breadcrumb\":{\"@id\":\"https:\/\/futurogames.com\/fr\/felicitations\/#breadcrumb\"},\"inLanguage\":\"fr-FR\",\"potentialAction\":[{\"@type\":\"ReadAction\",\"target\":[\"https:\/\/futurogames.com\/fr\/felicitations\/\"]}]},{\"@type\":\"BreadcrumbList\",\"@id\":\"https:\/\/futurogames.com\/fr\/felicitations\/#breadcrumb\",\"itemListElement\":[{\"@type\":\"ListItem\",\"position\":1,\"name\":\"Strona g\u0142\u00f3wna\",\"item\":\"https:\/\/futurogames.com\/fr\/\"},{\"@type\":\"ListItem\",\"position\":2,\"name\":\"F\u00e9licitations\"}]},{\"@type\":\"WebSite\",\"@id\":\"https:\/\/futurogames.com\/fr\/#website\",\"url\":\"https:\/\/futurogames.com\/fr\/\",\"name\":\"Futuro Games\",\"description\":\"At Futuro Games, we believe that education should be fun, inspiring, and accessible to all.\",\"publisher\":{\"@id\":\"https:\/\/futurogames.com\/fr\/#organization\"},\"potentialAction\":[{\"@type\":\"SearchAction\",\"target\":{\"@type\":\"EntryPoint\",\"urlTemplate\":\"https:\/\/futurogames.com\/fr\/?s={search_term_string}\"},\"query-input\":{\"@type\":\"PropertyValueSpecification\",\"valueRequired\":true,\"valueName\":\"search_term_string\"}}],\"inLanguage\":\"fr-FR\"},{\"@type\":\"Organization\",\"@id\":\"https:\/\/futurogames.com\/fr\/#organization\",\"name\":\"Futuro Games\",\"url\":\"https:\/\/futurogames.com\/fr\/\",\"logo\":{\"@type\":\"ImageObject\",\"inLanguage\":\"fr-FR\",\"@id\":\"https:\/\/futurogames.com\/fr\/#\/schema\/logo\/image\/\",\"url\":\"https:\/\/futurogames.com\/wp-content\/uploads\/2023\/09\/futurogames-zdjecie-profilowe-v1c.png\",\"contentUrl\":\"https:\/\/futurogames.com\/wp-content\/uploads\/2023\/09\/futurogames-zdjecie-profilowe-v1c.png\",\"width\":400,\"height\":400,\"caption\":\"Futuro Games\"},\"image\":{\"@id\":\"https:\/\/futurogames.com\/fr\/#\/schema\/logo\/image\/\"}}]}<\/script>\n<!-- \/ Yoast SEO Premium plugin. -->","yoast_head_json":{"title":"F\u00e9licitations - Futuro Games","robots":{"index":"index","follow":"follow","max-snippet":"max-snippet:-1","max-image-preview":"max-image-preview:large","max-video-preview":"max-video-preview:-1"},"canonical":"https:\/\/futurogames.com\/fr\/felicitations\/","og_locale":"fr_FR","og_type":"article","og_title":"F\u00e9licitations","og_url":"https:\/\/futurogames.com\/fr\/felicitations\/","og_site_name":"Futuro Games","article_modified_time":"2023-09-19T15:22:27+00:00","og_image":[{"width":400,"height":400,"url":"https:\/\/futurogames.com\/wp-content\/uploads\/2023\/09\/futurogames-zdjecie-profilowe-v1c.png","type":"image\/png"}],"twitter_card":"summary_large_image","schema":{"@context":"https:\/\/schema.org","@graph":[{"@type":"WebPage","@id":"https:\/\/futurogames.com\/fr\/felicitations\/","url":"https:\/\/futurogames.com\/fr\/felicitations\/","name":"F\u00e9licitations - Futuro Games","isPartOf":{"@id":"https:\/\/futurogames.com\/fr\/#website"},"datePublished":"2023-05-08T12:50:17+00:00","dateModified":"2023-09-19T15:22:27+00:00","breadcrumb":{"@id":"https:\/\/futurogames.com\/fr\/felicitations\/#breadcrumb"},"inLanguage":"fr-FR","potentialAction":[{"@type":"ReadAction","target":["https:\/\/futurogames.com\/fr\/felicitations\/"]}]},{"@type":"BreadcrumbList","@id":"https:\/\/futurogames.com\/fr\/felicitations\/#breadcrumb","itemListElement":[{"@type":"ListItem","position":1,"name":"Strona g\u0142\u00f3wna","item":"https:\/\/futurogames.com\/fr\/"},{"@type":"ListItem","position":2,"name":"F\u00e9licitations"}]},{"@type":"WebSite","@id":"https:\/\/futurogames.com\/fr\/#website","url":"https:\/\/futurogames.com\/fr\/","name":"Futuro Games","description":"At Futuro Games, we believe that education should be fun, inspiring, and accessible to all.","publisher":{"@id":"https:\/\/futurogames.com\/fr\/#organization"},"potentialAction":[{"@type":"SearchAction","target":{"@type":"EntryPoint","urlTemplate":"https:\/\/futurogames.com\/fr\/?s={search_term_string}"},"query-input":{"@type":"PropertyValueSpecification","valueRequired":true,"valueName":"search_term_string"}}],"inLanguage":"fr-FR"},{"@type":"Organization","@id":"https:\/\/futurogames.com\/fr\/#organization","name":"Futuro Games","url":"https:\/\/futurogames.com\/fr\/","logo":{"@type":"ImageObject","inLanguage":"fr-FR","@id":"https:\/\/futurogames.com\/fr\/#\/schema\/logo\/image\/","url":"https:\/\/futurogames.com\/wp-content\/uploads\/2023\/09\/futurogames-zdjecie-profilowe-v1c.png","contentUrl":"https:\/\/futurogames.com\/wp-content\/uploads\/2023\/09\/futurogames-zdjecie-profilowe-v1c.png","width":400,"height":400,"caption":"Futuro Games"},"image":{"@id":"https:\/\/futurogames.com\/fr\/#\/schema\/logo\/image\/"}}]}},"_links":{"self":[{"href":"https:\/\/futurogames.com\/fr\/wp-json\/wp\/v2\/pages\/563","targetHints":{"allow":["GET"]}}],"collection":[{"href":"https:\/\/futurogames.com\/fr\/wp-json\/wp\/v2\/pages"}],"about":[{"href":"https:\/\/futurogames.com\/fr\/wp-json\/wp\/v2\/types\/page"}],"author":[{"embeddable":true,"href":"https:\/\/futurogames.com\/fr\/wp-json\/wp\/v2\/users\/1"}],"replies":[{"embeddable":true,"href":"https:\/\/futurogames.com\/fr\/wp-json\/wp\/v2\/comments?post=563"}],"version-history":[{"count":0,"href":"https:\/\/futurogames.com\/fr\/wp-json\/wp\/v2\/pages\/563\/revisions"}],"wp:attachment":[{"href":"https:\/\/futurogames.com\/fr\/wp-json\/wp\/v2\/media?parent=563"}],"curies":[{"name":"wp","href":"https:\/\/api.w.org\/{rel}","templated":true}]}}