{"id":2586,"date":"2023-05-08T14:50:17","date_gmt":"2023-05-08T12:50:17","guid":{"rendered":"https:\/\/futurogames.com\/enhorabuena\/"},"modified":"2023-08-28T10:39:42","modified_gmt":"2023-08-28T08:39:42","slug":"enhorabuena","status":"publish","type":"page","link":"https:\/\/futurogames.com\/es\/enhorabuena\/","title":{"rendered":"Enhorabuena"},"content":{"rendered":"<section class=\"acf-header \" id=\"header-block_de3a377d17e9be5b5f40d86b69877498\">\n    <div class=\"acf-header__bg\" style=\"background-color: #072ac8; \">\n        <div class=\"container\">\n            <div class=\"acf-header__wrapper\">\n                <div class=\"acf-header__logo\">\n                    <a href=\"https:\/\/futurogames.com\/es\/\">\n                        <img loading=\"lazy\" decoding=\"async\" width=\"236\" height=\"75\" src=\"https:\/\/futurogames.com\/wp-content\/uploads\/2023\/04\/logo.svg\" class=\"attachment-full size-full\" alt=\"\" \/>                    <\/a>\n                <\/div>\n                                    <div class=\"acf-header__nav\">\n                        <div id=\"nav__primary\" class=\"nav__top\"><ul><li id=\"menu-item-2804\" class=\"menu-item menu-item-type-custom menu-item-object-custom menu-item-has-children menu-item-2804\"><a href=\"#\">Productos<\/a>\n<ul class=\"sub-menu\">\n\t<li id=\"menu-item-2806\" class=\"menu-item menu-item-type-post_type menu-item-object-page menu-item-2806\"><a href=\"https:\/\/futurogames.com\/es\/loonie-lingo-teaser\/\">Futuro Lingo<\/a><\/li>\n\t<li id=\"menu-item-2805\" class=\"menu-item menu-item-type-post_type menu-item-object-page menu-item-2805\"><a href=\"https:\/\/futurogames.com\/es\/multiplicraft\/\">Futuro MultipliCraft<\/a><\/li>\n<\/ul>\n<\/li>\n<li id=\"menu-item-2807\" class=\"menu-item menu-item-type-custom menu-item-object-custom menu-item-2807\"><a href=\"#contact\">Contacto<\/a><\/li>\n<\/ul><\/div>                        <div class=\"acf-header__nav__lang\">\n                        \n<div class=\"wpml-ls-statics-shortcode_actions wpml-ls wpml-ls-legacy-dropdown-click js-wpml-ls-legacy-dropdown-click\">\n\t<ul>\n\n\t\t<li class=\"wpml-ls-slot-shortcode_actions wpml-ls-item wpml-ls-item-es wpml-ls-current-language wpml-ls-item-legacy-dropdown-click\">\n\n\t\t\t<a href=\"#\" class=\"js-wpml-ls-item-toggle wpml-ls-item-toggle\">\n                                                    <img decoding=\"async\"\n            class=\"wpml-ls-flag\"\n            src=\"https:\/\/futurogames.com\/wp-content\/plugins\/sitepress-multilingual-cms\/res\/flags\/es.svg\"\n            alt=\"\"\n            width=18\n            height=12\n    \/><span class=\"wpml-ls-native\">ES<\/span><\/a>\n\n\t\t\t<ul class=\"js-wpml-ls-sub-menu wpml-ls-sub-menu\">\n\t\t\t\t\n\t\t\t\t\t<li class=\"wpml-ls-slot-shortcode_actions wpml-ls-item wpml-ls-item-en wpml-ls-first-item\">\n\t\t\t\t\t\t<a href=\"https:\/\/futurogames.com\/\" class=\"wpml-ls-link\">\n                                                                <img decoding=\"async\"\n            class=\"wpml-ls-flag\"\n            src=\"https:\/\/futurogames.com\/wp-content\/plugins\/sitepress-multilingual-cms\/res\/flags\/en.svg\"\n            alt=\"\"\n            width=18\n            height=12\n    \/><span class=\"wpml-ls-native\" lang=\"en\">EN<\/span><\/a>\n\t\t\t\t\t<\/li>\n\n\t\t\t\t\n\t\t\t\t\t<li class=\"wpml-ls-slot-shortcode_actions wpml-ls-item wpml-ls-item-fr\">\n\t\t\t\t\t\t<a href=\"https:\/\/futurogames.com\/fr\/\" class=\"wpml-ls-link\">\n                                                                <img decoding=\"async\"\n            class=\"wpml-ls-flag\"\n            src=\"https:\/\/futurogames.com\/wp-content\/plugins\/sitepress-multilingual-cms\/res\/flags\/fr.svg\"\n            alt=\"\"\n            width=18\n            height=12\n    \/><span class=\"wpml-ls-native\" lang=\"fr\">FR<\/span><\/a>\n\t\t\t\t\t<\/li>\n\n\t\t\t\t\n\t\t\t\t\t<li class=\"wpml-ls-slot-shortcode_actions wpml-ls-item wpml-ls-item-de\">\n\t\t\t\t\t\t<a href=\"https:\/\/futurogames.com\/de\/\" class=\"wpml-ls-link\">\n                                                                <img decoding=\"async\"\n            class=\"wpml-ls-flag\"\n            src=\"https:\/\/futurogames.com\/wp-content\/plugins\/sitepress-multilingual-cms\/res\/flags\/de.svg\"\n            alt=\"\"\n            width=18\n            height=12\n    \/><span class=\"wpml-ls-native\" lang=\"de\">DE<\/span><\/a>\n\t\t\t\t\t<\/li>\n\n\t\t\t\t\n\t\t\t\t\t<li class=\"wpml-ls-slot-shortcode_actions wpml-ls-item wpml-ls-item-pl\">\n\t\t\t\t\t\t<a href=\"https:\/\/futurogames.com\/pl\/\" class=\"wpml-ls-link\">\n                                                                <img decoding=\"async\"\n            class=\"wpml-ls-flag\"\n            src=\"https:\/\/futurogames.com\/wp-content\/plugins\/sitepress-multilingual-cms\/res\/flags\/pl.svg\"\n            alt=\"\"\n            width=18\n            height=12\n    \/><span class=\"wpml-ls-native\" lang=\"pl\">PL<\/span><\/a>\n\t\t\t\t\t<\/li>\n\n\t\t\t\t\n\t\t\t\t\t<li class=\"wpml-ls-slot-shortcode_actions wpml-ls-item wpml-ls-item-it\">\n\t\t\t\t\t\t<a href=\"https:\/\/futurogames.com\/it\/\" class=\"wpml-ls-link\">\n                                                                <img decoding=\"async\"\n            class=\"wpml-ls-flag\"\n            src=\"https:\/\/futurogames.com\/wp-content\/plugins\/sitepress-multilingual-cms\/res\/flags\/it.svg\"\n            alt=\"\"\n            width=18\n            height=12\n    \/><span class=\"wpml-ls-native\" lang=\"it\">IT<\/span><\/a>\n\t\t\t\t\t<\/li>\n\n\t\t\t\t\n\t\t\t\t\t<li class=\"wpml-ls-slot-shortcode_actions wpml-ls-item wpml-ls-item-id\">\n\t\t\t\t\t\t<a href=\"https:\/\/futurogames.com\/id\/\" class=\"wpml-ls-link\">\n                                                                <img decoding=\"async\"\n            class=\"wpml-ls-flag\"\n            src=\"https:\/\/futurogames.com\/wp-content\/plugins\/sitepress-multilingual-cms\/res\/flags\/id.svg\"\n            alt=\"\"\n            width=18\n            height=12\n    \/><span class=\"wpml-ls-native\" lang=\"id\">Indonesia<\/span><span class=\"wpml-ls-display\"><span class=\"wpml-ls-bracket\"> (<\/span>ID<span class=\"wpml-ls-bracket\">)<\/span><\/span><\/a>\n\t\t\t\t\t<\/li>\n\n\t\t\t\t\n\t\t\t\t\t<li class=\"wpml-ls-slot-shortcode_actions wpml-ls-item wpml-ls-item-us wpml-ls-last-item\">\n\t\t\t\t\t\t<a href=\"https:\/\/futurogames.com\/us\/\" class=\"wpml-ls-link\">\n                                                                <img decoding=\"async\"\n            class=\"wpml-ls-flag\"\n            src=\"https:\/\/futurogames.com\/wp-content\/uploads\/flags\/us[1].svg\"\n            alt=\"\"\n            width=18\n            height=12\n    \/><span class=\"wpml-ls-native\" lang=\"us\">US<\/span><\/a>\n\t\t\t\t\t<\/li>\n\n\t\t\t\t\t\t\t<\/ul>\n\n\t\t<\/li>\n\n\t<\/ul>\n<\/div>\n                        <\/div>\n                    <\/div>\n                            <\/div>\n        <\/div>\n    <\/div>\n    <\/section><section class=\"acf-pictograms\" id=\"thx\">\n    <div class=\"acf-pictograms__bg bg\" style=\"background-color: #072ac8; \">\n        <div class=\"container container--small \">\n            <div class=\"acf-pictograms__wrapper\">\n                <div class=\"acf-pictograms__content__text\"><h1 style=\"text-align: center;\"><span style=\"color: #ffffff;\">Enhorabuena por su nueva adquisici\u00f3n.<\/span><\/h1>\n<p style=\"text-align: center;\"><span style=\"color: #ffffff;\">Nos alegramos de que haya elegido nuestra empresa para ense\u00f1ar un idioma a su hijo. Esperamos que el curso contribuya a enriquecer las competencias ling\u00fc\u00edsticas de su peque\u00f1o y le ayude a triunfar en el futuro. Si tiene alguna pregunta o necesita ayuda, nuestro equipo de atenci\u00f3n al cliente estar\u00e1 encantado de ayudarle. Gracias de nuevo por elegir nuestra empresa y le deseamos a su hijo una fruct\u00edfera experiencia de aprendizaje.<\/span><\/p>\n<\/div><div class=\"acf-pictograms__content__button\"><div class=\"btn\">\n    <a href=\"https:\/\/futurogames.com\/\" target=\"_self\">\n        Back to home page    <\/a>\n<\/div><\/div>            <\/div>\n        <\/div>\n    <\/div>\n    <\/section>","protected":false},"excerpt":{"rendered":"","protected":false},"author":1,"featured_media":0,"parent":0,"menu_order":0,"comment_status":"closed","ping_status":"closed","template":"templates\/template-thx.php","meta":{"_acf_changed":false,"inline_featured_image":false,"footnotes":""},"class_list":["post-2586","page","type-page","status-publish","hentry"],"acf":[],"yoast_head":"<!-- This site is optimized with the Yoast SEO Premium plugin v23.3 (Yoast SEO v23.4) - https:\/\/yoast.com\/wordpress\/plugins\/seo\/ -->\n<title>Enhorabuena - Futuro Games<\/title>\n<meta name=\"robots\" content=\"index, follow, max-snippet:-1, max-image-preview:large, max-video-preview:-1\" \/>\n<link rel=\"canonical\" href=\"https:\/\/futurogames.com\/es\/enhorabuena\/\" \/>\n<meta property=\"og:locale\" content=\"es_ES\" \/>\n<meta property=\"og:type\" content=\"article\" \/>\n<meta property=\"og:title\" content=\"Enhorabuena\" \/>\n<meta property=\"og:url\" content=\"https:\/\/futurogames.com\/es\/enhorabuena\/\" \/>\n<meta property=\"og:site_name\" content=\"Futuro Games\" \/>\n<meta property=\"article:modified_time\" content=\"2023-08-28T08:39:42+00:00\" \/>\n<meta property=\"og:image\" content=\"https:\/\/futurogames.com\/wp-content\/uploads\/2023\/09\/futurogames-zdjecie-profilowe-v1c.png\" \/>\n\t<meta property=\"og:image:width\" content=\"400\" \/>\n\t<meta property=\"og:image:height\" content=\"400\" \/>\n\t<meta property=\"og:image:type\" content=\"image\/png\" \/>\n<meta name=\"twitter:card\" content=\"summary_large_image\" \/>\n<script type=\"application\/ld+json\" class=\"yoast-schema-graph\">{\"@context\":\"https:\/\/schema.org\",\"@graph\":[{\"@type\":\"WebPage\",\"@id\":\"https:\/\/futurogames.com\/es\/enhorabuena\/\",\"url\":\"https:\/\/futurogames.com\/es\/enhorabuena\/\",\"name\":\"Enhorabuena - Futuro Games\",\"isPartOf\":{\"@id\":\"https:\/\/futurogames.com\/es\/#website\"},\"datePublished\":\"2023-05-08T12:50:17+00:00\",\"dateModified\":\"2023-08-28T08:39:42+00:00\",\"breadcrumb\":{\"@id\":\"https:\/\/futurogames.com\/es\/enhorabuena\/#breadcrumb\"},\"inLanguage\":\"es\",\"potentialAction\":[{\"@type\":\"ReadAction\",\"target\":[\"https:\/\/futurogames.com\/es\/enhorabuena\/\"]}]},{\"@type\":\"BreadcrumbList\",\"@id\":\"https:\/\/futurogames.com\/es\/enhorabuena\/#breadcrumb\",\"itemListElement\":[{\"@type\":\"ListItem\",\"position\":1,\"name\":\"Strona g\u0142\u00f3wna\",\"item\":\"https:\/\/futurogames.com\/es\/\"},{\"@type\":\"ListItem\",\"position\":2,\"name\":\"Enhorabuena\"}]},{\"@type\":\"WebSite\",\"@id\":\"https:\/\/futurogames.com\/es\/#website\",\"url\":\"https:\/\/futurogames.com\/es\/\",\"name\":\"Futuro Games\",\"description\":\"At Futuro Games, we believe that education should be fun, inspiring, and accessible to all.\",\"publisher\":{\"@id\":\"https:\/\/futurogames.com\/es\/#organization\"},\"potentialAction\":[{\"@type\":\"SearchAction\",\"target\":{\"@type\":\"EntryPoint\",\"urlTemplate\":\"https:\/\/futurogames.com\/es\/?s={search_term_string}\"},\"query-input\":{\"@type\":\"PropertyValueSpecification\",\"valueRequired\":true,\"valueName\":\"search_term_string\"}}],\"inLanguage\":\"es\"},{\"@type\":\"Organization\",\"@id\":\"https:\/\/futurogames.com\/es\/#organization\",\"name\":\"Futuro Games\",\"url\":\"https:\/\/futurogames.com\/es\/\",\"logo\":{\"@type\":\"ImageObject\",\"inLanguage\":\"es\",\"@id\":\"https:\/\/futurogames.com\/es\/#\/schema\/logo\/image\/\",\"url\":\"https:\/\/futurogames.com\/wp-content\/uploads\/2023\/09\/futurogames-zdjecie-profilowe-v1c.png\",\"contentUrl\":\"https:\/\/futurogames.com\/wp-content\/uploads\/2023\/09\/futurogames-zdjecie-profilowe-v1c.png\",\"width\":400,\"height\":400,\"caption\":\"Futuro Games\"},\"image\":{\"@id\":\"https:\/\/futurogames.com\/es\/#\/schema\/logo\/image\/\"}}]}<\/script>\n<!-- \/ Yoast SEO Premium plugin. -->","yoast_head_json":{"title":"Enhorabuena - Futuro Games","robots":{"index":"index","follow":"follow","max-snippet":"max-snippet:-1","max-image-preview":"max-image-preview:large","max-video-preview":"max-video-preview:-1"},"canonical":"https:\/\/futurogames.com\/es\/enhorabuena\/","og_locale":"es_ES","og_type":"article","og_title":"Enhorabuena","og_url":"https:\/\/futurogames.com\/es\/enhorabuena\/","og_site_name":"Futuro Games","article_modified_time":"2023-08-28T08:39:42+00:00","og_image":[{"width":400,"height":400,"url":"https:\/\/futurogames.com\/wp-content\/uploads\/2023\/09\/futurogames-zdjecie-profilowe-v1c.png","type":"image\/png"}],"twitter_card":"summary_large_image","schema":{"@context":"https:\/\/schema.org","@graph":[{"@type":"WebPage","@id":"https:\/\/futurogames.com\/es\/enhorabuena\/","url":"https:\/\/futurogames.com\/es\/enhorabuena\/","name":"Enhorabuena - Futuro Games","isPartOf":{"@id":"https:\/\/futurogames.com\/es\/#website"},"datePublished":"2023-05-08T12:50:17+00:00","dateModified":"2023-08-28T08:39:42+00:00","breadcrumb":{"@id":"https:\/\/futurogames.com\/es\/enhorabuena\/#breadcrumb"},"inLanguage":"es","potentialAction":[{"@type":"ReadAction","target":["https:\/\/futurogames.com\/es\/enhorabuena\/"]}]},{"@type":"BreadcrumbList","@id":"https:\/\/futurogames.com\/es\/enhorabuena\/#breadcrumb","itemListElement":[{"@type":"ListItem","position":1,"name":"Strona g\u0142\u00f3wna","item":"https:\/\/futurogames.com\/es\/"},{"@type":"ListItem","position":2,"name":"Enhorabuena"}]},{"@type":"WebSite","@id":"https:\/\/futurogames.com\/es\/#website","url":"https:\/\/futurogames.com\/es\/","name":"Futuro Games","description":"At Futuro Games, we believe that education should be fun, inspiring, and accessible to all.","publisher":{"@id":"https:\/\/futurogames.com\/es\/#organization"},"potentialAction":[{"@type":"SearchAction","target":{"@type":"EntryPoint","urlTemplate":"https:\/\/futurogames.com\/es\/?s={search_term_string}"},"query-input":{"@type":"PropertyValueSpecification","valueRequired":true,"valueName":"search_term_string"}}],"inLanguage":"es"},{"@type":"Organization","@id":"https:\/\/futurogames.com\/es\/#organization","name":"Futuro Games","url":"https:\/\/futurogames.com\/es\/","logo":{"@type":"ImageObject","inLanguage":"es","@id":"https:\/\/futurogames.com\/es\/#\/schema\/logo\/image\/","url":"https:\/\/futurogames.com\/wp-content\/uploads\/2023\/09\/futurogames-zdjecie-profilowe-v1c.png","contentUrl":"https:\/\/futurogames.com\/wp-content\/uploads\/2023\/09\/futurogames-zdjecie-profilowe-v1c.png","width":400,"height":400,"caption":"Futuro Games"},"image":{"@id":"https:\/\/futurogames.com\/es\/#\/schema\/logo\/image\/"}}]}},"_links":{"self":[{"href":"https:\/\/futurogames.com\/es\/wp-json\/wp\/v2\/pages\/2586","targetHints":{"allow":["GET"]}}],"collection":[{"href":"https:\/\/futurogames.com\/es\/wp-json\/wp\/v2\/pages"}],"about":[{"href":"https:\/\/futurogames.com\/es\/wp-json\/wp\/v2\/types\/page"}],"author":[{"embeddable":true,"href":"https:\/\/futurogames.com\/es\/wp-json\/wp\/v2\/users\/1"}],"replies":[{"embeddable":true,"href":"https:\/\/futurogames.com\/es\/wp-json\/wp\/v2\/comments?post=2586"}],"version-history":[{"count":0,"href":"https:\/\/futurogames.com\/es\/wp-json\/wp\/v2\/pages\/2586\/revisions"}],"wp:attachment":[{"href":"https:\/\/futurogames.com\/es\/wp-json\/wp\/v2\/media?parent=2586"}],"curies":[{"name":"wp","href":"https:\/\/api.w.org\/{rel}","templated":true}]}}