{"id":2093,"date":"2023-04-28T12:55:55","date_gmt":"2023-04-28T10:55:55","guid":{"rendered":"https:\/\/futurogames.com\/inicio\/"},"modified":"2023-08-28T10:28:41","modified_gmt":"2023-08-28T08:28:41","slug":"inicio","status":"publish","type":"page","link":"https:\/\/futurogames.com\/es\/","title":{"rendered":"Inicio"},"content":{"rendered":"<section class=\"acf-header  acf-header--absolute\" id=\"header-block_4f168ff4a729b72935b7aa5a8760db53\">\n    <div class=\"acf-header__bg\" style=\"background-color: ; \">\n        <div class=\"container\">\n            <div class=\"acf-header__wrapper\">\n                <div class=\"acf-header__logo\">\n                    <a href=\"https:\/\/futurogames.com\/es\/\">\n                        <img loading=\"lazy\" decoding=\"async\" width=\"236\" height=\"75\" src=\"https:\/\/futurogames.com\/wp-content\/uploads\/2023\/04\/logo.svg\" class=\"attachment-full size-full\" alt=\"\" \/>                    <\/a>\n                <\/div>\n                                    <div class=\"acf-header__nav\">\n                        <div id=\"nav__primary\" class=\"nav__top\"><ul><li id=\"menu-item-2804\" class=\"menu-item menu-item-type-custom menu-item-object-custom menu-item-has-children menu-item-2804\"><a href=\"#\">Productos<\/a>\n<ul class=\"sub-menu\">\n\t<li id=\"menu-item-2806\" class=\"menu-item menu-item-type-post_type menu-item-object-page menu-item-2806\"><a href=\"https:\/\/futurogames.com\/es\/loonie-lingo-teaser\/\">Futuro Lingo<\/a><\/li>\n\t<li id=\"menu-item-2805\" class=\"menu-item menu-item-type-post_type menu-item-object-page menu-item-2805\"><a href=\"https:\/\/futurogames.com\/es\/multiplicraft\/\">Futuro MultipliCraft<\/a><\/li>\n<\/ul>\n<\/li>\n<li id=\"menu-item-2807\" class=\"menu-item menu-item-type-custom menu-item-object-custom menu-item-2807\"><a href=\"#contact\">Contacto<\/a><\/li>\n<\/ul><\/div>                        <div class=\"acf-header__nav__lang\">\n                        \n<div class=\"wpml-ls-statics-shortcode_actions wpml-ls wpml-ls-legacy-dropdown-click js-wpml-ls-legacy-dropdown-click\">\n\t<ul>\n\n\t\t<li class=\"wpml-ls-slot-shortcode_actions wpml-ls-item wpml-ls-item-es wpml-ls-current-language wpml-ls-item-legacy-dropdown-click\">\n\n\t\t\t<a href=\"#\" class=\"js-wpml-ls-item-toggle wpml-ls-item-toggle\">\n                                                    <img decoding=\"async\"\n            class=\"wpml-ls-flag\"\n            src=\"https:\/\/futurogames.com\/wp-content\/plugins\/sitepress-multilingual-cms\/res\/flags\/es.svg\"\n            alt=\"\"\n            width=18\n            height=12\n    \/><span class=\"wpml-ls-native\">ES<\/span><\/a>\n\n\t\t\t<ul class=\"js-wpml-ls-sub-menu wpml-ls-sub-menu\">\n\t\t\t\t\n\t\t\t\t\t<li class=\"wpml-ls-slot-shortcode_actions wpml-ls-item wpml-ls-item-en wpml-ls-first-item\">\n\t\t\t\t\t\t<a href=\"https:\/\/futurogames.com\/\" class=\"wpml-ls-link\">\n                                                                <img decoding=\"async\"\n            class=\"wpml-ls-flag\"\n            src=\"https:\/\/futurogames.com\/wp-content\/plugins\/sitepress-multilingual-cms\/res\/flags\/en.svg\"\n            alt=\"\"\n            width=18\n            height=12\n    \/><span class=\"wpml-ls-native\" lang=\"en\">EN<\/span><\/a>\n\t\t\t\t\t<\/li>\n\n\t\t\t\t\n\t\t\t\t\t<li class=\"wpml-ls-slot-shortcode_actions wpml-ls-item wpml-ls-item-fr\">\n\t\t\t\t\t\t<a href=\"https:\/\/futurogames.com\/fr\/\" class=\"wpml-ls-link\">\n                                                                <img decoding=\"async\"\n            class=\"wpml-ls-flag\"\n            src=\"https:\/\/futurogames.com\/wp-content\/plugins\/sitepress-multilingual-cms\/res\/flags\/fr.svg\"\n            alt=\"\"\n            width=18\n            height=12\n    \/><span class=\"wpml-ls-native\" lang=\"fr\">FR<\/span><\/a>\n\t\t\t\t\t<\/li>\n\n\t\t\t\t\n\t\t\t\t\t<li class=\"wpml-ls-slot-shortcode_actions wpml-ls-item wpml-ls-item-de\">\n\t\t\t\t\t\t<a href=\"https:\/\/futurogames.com\/de\/\" class=\"wpml-ls-link\">\n                                                                <img decoding=\"async\"\n            class=\"wpml-ls-flag\"\n            src=\"https:\/\/futurogames.com\/wp-content\/plugins\/sitepress-multilingual-cms\/res\/flags\/de.svg\"\n            alt=\"\"\n            width=18\n            height=12\n    \/><span class=\"wpml-ls-native\" lang=\"de\">DE<\/span><\/a>\n\t\t\t\t\t<\/li>\n\n\t\t\t\t\n\t\t\t\t\t<li class=\"wpml-ls-slot-shortcode_actions wpml-ls-item wpml-ls-item-pl\">\n\t\t\t\t\t\t<a href=\"https:\/\/futurogames.com\/pl\/\" class=\"wpml-ls-link\">\n                                                                <img decoding=\"async\"\n            class=\"wpml-ls-flag\"\n            src=\"https:\/\/futurogames.com\/wp-content\/plugins\/sitepress-multilingual-cms\/res\/flags\/pl.svg\"\n            alt=\"\"\n            width=18\n            height=12\n    \/><span class=\"wpml-ls-native\" lang=\"pl\">PL<\/span><\/a>\n\t\t\t\t\t<\/li>\n\n\t\t\t\t\n\t\t\t\t\t<li class=\"wpml-ls-slot-shortcode_actions wpml-ls-item wpml-ls-item-it\">\n\t\t\t\t\t\t<a href=\"https:\/\/futurogames.com\/it\/\" class=\"wpml-ls-link\">\n                                                                <img decoding=\"async\"\n            class=\"wpml-ls-flag\"\n            src=\"https:\/\/futurogames.com\/wp-content\/plugins\/sitepress-multilingual-cms\/res\/flags\/it.svg\"\n            alt=\"\"\n            width=18\n            height=12\n    \/><span class=\"wpml-ls-native\" lang=\"it\">IT<\/span><\/a>\n\t\t\t\t\t<\/li>\n\n\t\t\t\t\n\t\t\t\t\t<li class=\"wpml-ls-slot-shortcode_actions wpml-ls-item wpml-ls-item-id\">\n\t\t\t\t\t\t<a href=\"https:\/\/futurogames.com\/id\/\" class=\"wpml-ls-link\">\n                                                                <img decoding=\"async\"\n            class=\"wpml-ls-flag\"\n            src=\"https:\/\/futurogames.com\/wp-content\/plugins\/sitepress-multilingual-cms\/res\/flags\/id.svg\"\n            alt=\"\"\n            width=18\n            height=12\n    \/><span class=\"wpml-ls-native\" lang=\"id\">Indonesia<\/span><span class=\"wpml-ls-display\"><span class=\"wpml-ls-bracket\"> (<\/span>ID<span class=\"wpml-ls-bracket\">)<\/span><\/span><\/a>\n\t\t\t\t\t<\/li>\n\n\t\t\t\t\n\t\t\t\t\t<li class=\"wpml-ls-slot-shortcode_actions wpml-ls-item wpml-ls-item-us wpml-ls-last-item\">\n\t\t\t\t\t\t<a href=\"https:\/\/futurogames.com\/us\/\" class=\"wpml-ls-link\">\n                                                                <img decoding=\"async\"\n            class=\"wpml-ls-flag\"\n            src=\"https:\/\/futurogames.com\/wp-content\/uploads\/flags\/us[1].svg\"\n            alt=\"\"\n            width=18\n            height=12\n    \/><span class=\"wpml-ls-native\" lang=\"us\">US<\/span><\/a>\n\t\t\t\t\t<\/li>\n\n\t\t\t\t\t\t\t<\/ul>\n\n\t\t<\/li>\n\n\t<\/ul>\n<\/div>\n                        <\/div>\n                    <\/div>\n                            <\/div>\n        <\/div>\n    <\/div>\n    <\/section><section class=\"acf-hero\" id=\"home\">\n    <div class=\"acf-hero__bg\" style=\"background-color: #072ac8; \">\n        <div class=\"container\">\n            <div class=\"acf-hero__wrapper\">\n                <div class=\"acf-hero__col acf-hero__col--left\">\n                    <div class=\"acf-hero__content__text\"><h1>En <strong>Futuro<\/strong>games<span style=\"color: #ffc600;\"><br \/>\n  <strong>creemos que la educaci\u00f3n debe ser divertida, inspiradora<\/strong><br \/>\n<\/span> y accesible para todos.<\/h1>\n<p>Entendemos que <strong>cada ni\u00f1o aprende de forma diferente<\/strong>, por eso hemos desarrollado un enfoque \u00fanico del aprendizaje que combina juegos y conceptos populares con contenidos educativos de calidad.<\/p>\n<p>Nuestra visi\u00f3n es dotar a la pr\u00f3xima generaci\u00f3n de las capacidades y los conocimientos necesarios para triunfar en un mundo en constante cambio. Creemos que haciendo que el aprendizaje sea ameno e interactivo, podemos despertar en los ni\u00f1os una pasi\u00f3n por la educaci\u00f3n que dure toda la vida y dotarles de las herramientas necesarias para alcanzar su pleno potencial.<\/p>\n<p>Nos comprometemos a ofrecer <strong>cursos de alta calidad dise\u00f1ados para desafiar y atraer a ni\u00f1os de todas las edades y capacidades.<\/strong> Nuestro equipo de experimentados educadores y dise\u00f1adores de juegos trabaja sin descanso para crear programas que no solo sean educativos, sino tambi\u00e9n divertidos y emocionantes.<\/p>\n<p>En Looniverso, <strong>valoramos la creatividad, la innovaci\u00f3n y la excelencia en todo lo que hacemos.<\/strong> Nos apasiona marcar la diferencia en la vida de los ni\u00f1os y nos dedicamos a proporcionar un entorno de aprendizaje solidario e integrador.<\/p>\n<p><strong>\u00danase a nosotros en nuestra misi\u00f3n de revolucionar la educaci\u00f3n e inspirar a la pr\u00f3xima generaci\u00f3n de estudiantes.<\/strong>  Inscriba hoy mismo a su hijo en uno de nuestros cursos de Minecraft, Roblox o Lego\u00bb.<\/p>\n<\/div>                <\/div>\n                <div class=\"acf-hero__col acf-hero__col--right\">\n                    <div class=\"acf-hero__content__img\"><img loading=\"lazy\" decoding=\"async\" width=\"772\" height=\"849\" src=\"https:\/\/futurogames.com\/wp-content\/uploads\/2023\/04\/tmp_home_hero-1.png\" class=\"attachment-full size-full\" alt=\"\" srcset=\"https:\/\/futurogames.com\/wp-content\/uploads\/2023\/04\/tmp_home_hero-1.png 772w, https:\/\/futurogames.com\/wp-content\/uploads\/2023\/04\/tmp_home_hero-1-600x660.png 600w, https:\/\/futurogames.com\/wp-content\/uploads\/2023\/04\/tmp_home_hero-1-273x300.png 273w, https:\/\/futurogames.com\/wp-content\/uploads\/2023\/04\/tmp_home_hero-1-768x845.png 768w, https:\/\/futurogames.com\/wp-content\/uploads\/2023\/04\/tmp_home_hero-1-418x460.png 418w, https:\/\/futurogames.com\/wp-content\/uploads\/2023\/04\/tmp_home_hero-1-264x290.png 264w, https:\/\/futurogames.com\/wp-content\/uploads\/2023\/04\/tmp_home_hero-1-291x320.png 291w\" sizes=\"auto, (max-width: 772px) 100vw, 772px\" \/><\/div>                <\/div>\n            <\/div>\n        <\/div>\n                    <a href=\"#next\" class=\"acf-hero__arrow\">\n                <svg xmlns=\"http:\/\/www.w3.org\/2000\/svg\" width=\"40\" height=\"40\" viewBox=\"0 0 40 40\">\n                    <g id=\"ic-arrows-bottom\" transform=\"translate(7.78 8.435)\">\n                        <g id=\"Group_625\" data-name=\"Group 625\" transform=\"translate(0 -0.365)\">\n                            <line id=\"Line_55\" data-name=\"Line 55\" y2=\"16.14\" transform=\"translate(12 3.93)\" fill=\"none\" stroke=\"#f3f6fb\" stroke-linecap=\"round\" stroke-linejoin=\"bevel\" stroke-width=\"1.5\" \/>\n                            <path id=\"Path_44\" data-name=\"Path 44\" d=\"M7.22,15.67l4.11,4.11a1,1,0,0,0,1.41,0l4-4\" fill=\"none\" stroke=\"#f3f6fb\" stroke-linecap=\"round\" stroke-linejoin=\"bevel\" stroke-width=\"1.5\" \/>\n                        <\/g>\n                        <g id=\"Ellipse_5\" data-name=\"Ellipse 5\" transform=\"translate(-7.78 -8.435)\" fill=\"none\" stroke=\"#f3f6fb\" stroke-width=\"1\">\n                            <circle cx=\"20\" cy=\"20\" r=\"20\" stroke=\"none\" \/>\n                            <circle cx=\"20\" cy=\"20\" r=\"19.5\" fill=\"none\" \/>\n                        <\/g>\n                    <\/g>\n                <\/svg>\n            <\/a>\n            <\/div>\n            <svg width=\"100%\" height=\"100%\" version=\"1.1\" xmlns=\"http:\/\/www.w3.org\/2000\/svg\" class=\"acf-hero__vawe__wrapper\">\n                            <path class=\"acf-hero__vawe__item\" fill=\"#ffc600\" \/>\n                            <path class=\"acf-hero__vawe__item\" fill=\"#072ac8\" \/>\n                    <\/svg>\n    <\/section><section class=\"acf-pictograms\" id=\"next\">\n    <div class=\"acf-pictograms__bg bg\" style=\"background-color: #f3f6fb; \">\n        <div class=\"container  acf-pictograms__small__height\">\n            <div class=\"acf-pictograms__wrapper\">\n                <div class=\"acf-pictograms__content__text\"><h2 style=\"text-align: center;\">Productos<\/h2>\n<\/div><div class=\"acf-pictograms__content__products\"><div class=\"acf-pictograms__content__products__wrapper\"><div class=\"acf-pictograms__content__products__box\"><a href=\"https:\/\/virtualone.futurogames.com\/es\" ><div class=\"acf-pictograms__content__products__img\"><img loading=\"lazy\" decoding=\"async\" width=\"388\" height=\"220\" src=\"https:\/\/futurogames.com\/wp-content\/uploads\/2023\/06\/Virtual-One.png\" class=\"attachment-450x999 size-450x999\" alt=\"\" srcset=\"https:\/\/futurogames.com\/wp-content\/uploads\/2023\/06\/Virtual-One.png 388w, https:\/\/futurogames.com\/wp-content\/uploads\/2023\/06\/Virtual-One-300x170.png 300w\" sizes=\"auto, (max-width: 388px) 100vw, 388px\" \/><\/div><\/a><a href=\"https:\/\/virtualone.futurogames.com\/es\" ><h4 class=\"acf-pictograms__content__products__name\">Futuro Virtual One<\/h4><\/a><a href=\"https:\/\/virtualone.futurogames.com\/es\" ><p class=\"acf-pictograms__content__products__description\">\u00a1El \u00fanico curso de idiomas en el mundo de Minecraft!<\/p><\/a><div class=\"acf-pictograms__content__products__button btn\"><a href=\"https:\/\/virtualone.futurogames.com\/es\" target=\"\">Ver detalles<\/a><\/div><\/div><div class=\"acf-pictograms__content__products__box\"><a href=\"https:\/\/futurogames.com\/es\/loonie-lingo-teaser\/\" ><div class=\"acf-pictograms__content__products__img\"><img loading=\"lazy\" decoding=\"async\" width=\"388\" height=\"220\" src=\"https:\/\/futurogames.com\/wp-content\/uploads\/2023\/06\/loonilngo.png\" class=\"attachment-450x999 size-450x999\" alt=\"\" srcset=\"https:\/\/futurogames.com\/wp-content\/uploads\/2023\/06\/loonilngo.png 388w, https:\/\/futurogames.com\/wp-content\/uploads\/2023\/06\/loonilngo-300x170.png 300w\" sizes=\"auto, (max-width: 388px) 100vw, 388px\" \/><\/div><\/a><a href=\"https:\/\/futurogames.com\/es\/loonie-lingo-teaser\/\" ><h4 class=\"acf-pictograms__content__products__name\">Futuro Lingo<\/h4><\/a><a href=\"https:\/\/futurogames.com\/es\/loonie-lingo-teaser\/\" ><p class=\"acf-pictograms__content__products__description\">Curso de aprendizaje electr\u00f3nico de ingl\u00e9s A1 con inteligencia artificial<\/p><\/a><div class=\"acf-pictograms__content__products__button btn\"><a href=\"https:\/\/futurogames.com\/es\/loonie-lingo-teaser\/\" target=\"\">Ver detalles<\/a><\/div><\/div><div class=\"acf-pictograms__content__products__box\"><a href=\"http:\/\/futurogames.com\/es\/multiplicraft-2\/\" ><div class=\"acf-pictograms__content__products__img\"><img loading=\"lazy\" decoding=\"async\" width=\"388\" height=\"220\" src=\"https:\/\/futurogames.com\/wp-content\/uploads\/2023\/06\/MultipliCraft.png\" class=\"attachment-450x999 size-450x999\" alt=\"\" srcset=\"https:\/\/futurogames.com\/wp-content\/uploads\/2023\/06\/MultipliCraft.png 388w, https:\/\/futurogames.com\/wp-content\/uploads\/2023\/06\/MultipliCraft-300x170.png 300w\" sizes=\"auto, (max-width: 388px) 100vw, 388px\" \/><\/div><\/a><a href=\"http:\/\/futurogames.com\/es\/multiplicraft-2\/\" ><h4 class=\"acf-pictograms__content__products__name\">Futuro MultipliCraft<\/h4><\/a><a href=\"http:\/\/futurogames.com\/es\/multiplicraft-2\/\" ><p class=\"acf-pictograms__content__products__description\">\u00a1El \u00fanico curso de tablas de multiplicar en el mundo de Minecraft<\/p><\/a><div class=\"acf-pictograms__content__products__button btn\"><a href=\"http:\/\/futurogames.com\/es\/multiplicraft-2\/\" target=\"\">Ver detalles<\/a><\/div><\/div><\/div><\/div>            <\/div>\n        <\/div>\n    <\/div>\n        <svg width=\"100%\" height=\"100%\" version=\"1.1\" xmlns=\"http:\/\/www.w3.org\/2000\/svg\" class=\"acf-pictograms__vawe__bottom__wrapper\">\n        <path class=\"acf-pictograms__vawe__bottom__item\" fill=\"#f3f6fb\" \/>\n    <\/svg>\n    <\/section>","protected":false},"excerpt":{"rendered":"","protected":false},"author":1,"featured_media":0,"parent":0,"menu_order":0,"comment_status":"closed","ping_status":"closed","template":"","meta":{"_acf_changed":false,"inline_featured_image":false,"footnotes":""},"class_list":["post-2093","page","type-page","status-publish","hentry"],"acf":[],"yoast_head":"<!-- This site is optimized with the Yoast SEO Premium plugin v23.3 (Yoast SEO v23.4) - https:\/\/yoast.com\/wordpress\/plugins\/seo\/ -->\n<title>Inicio - Futuro Games<\/title>\n<meta name=\"robots\" content=\"index, follow, max-snippet:-1, max-image-preview:large, max-video-preview:-1\" \/>\n<link rel=\"canonical\" href=\"https:\/\/futurogames.com\/es\/\" \/>\n<meta property=\"og:locale\" content=\"es_ES\" \/>\n<meta property=\"og:type\" content=\"article\" \/>\n<meta property=\"og:title\" content=\"Inicio\" \/>\n<meta property=\"og:url\" content=\"https:\/\/futurogames.com\/es\/\" \/>\n<meta property=\"og:site_name\" content=\"Futuro Games\" \/>\n<meta property=\"article:modified_time\" content=\"2023-08-28T08:28:41+00:00\" \/>\n<meta property=\"og:image\" content=\"https:\/\/futurogames.com\/wp-content\/uploads\/2023\/09\/futurogames-zdjecie-profilowe-v1c.png\" \/>\n\t<meta property=\"og:image:width\" content=\"400\" \/>\n\t<meta property=\"og:image:height\" content=\"400\" \/>\n\t<meta property=\"og:image:type\" content=\"image\/png\" \/>\n<meta name=\"twitter:card\" content=\"summary_large_image\" \/>\n<script type=\"application\/ld+json\" class=\"yoast-schema-graph\">{\"@context\":\"https:\/\/schema.org\",\"@graph\":[{\"@type\":\"WebPage\",\"@id\":\"https:\/\/futurogames.com\/es\/\",\"url\":\"https:\/\/futurogames.com\/es\/\",\"name\":\"Inicio - Futuro Games\",\"isPartOf\":{\"@id\":\"https:\/\/futurogames.com\/es\/#website\"},\"datePublished\":\"2023-04-28T10:55:55+00:00\",\"dateModified\":\"2023-08-28T08:28:41+00:00\",\"breadcrumb\":{\"@id\":\"https:\/\/futurogames.com\/es\/#breadcrumb\"},\"inLanguage\":\"es\",\"potentialAction\":[{\"@type\":\"ReadAction\",\"target\":[\"https:\/\/futurogames.com\/es\/\"]}]},{\"@type\":\"BreadcrumbList\",\"@id\":\"https:\/\/futurogames.com\/es\/#breadcrumb\",\"itemListElement\":[{\"@type\":\"ListItem\",\"position\":1,\"name\":\"Strona g\u0142\u00f3wna\",\"item\":\"https:\/\/futurogames.com\/es\/\"},{\"@type\":\"ListItem\",\"position\":2,\"name\":\"Inicio\"}]},{\"@type\":\"WebSite\",\"@id\":\"https:\/\/futurogames.com\/es\/#website\",\"url\":\"https:\/\/futurogames.com\/es\/\",\"name\":\"Futuro Games\",\"description\":\"At Futuro Games, we believe that education should be fun, inspiring, and accessible to all.\",\"publisher\":{\"@id\":\"https:\/\/futurogames.com\/es\/#organization\"},\"potentialAction\":[{\"@type\":\"SearchAction\",\"target\":{\"@type\":\"EntryPoint\",\"urlTemplate\":\"https:\/\/futurogames.com\/es\/?s={search_term_string}\"},\"query-input\":{\"@type\":\"PropertyValueSpecification\",\"valueRequired\":true,\"valueName\":\"search_term_string\"}}],\"inLanguage\":\"es\"},{\"@type\":\"Organization\",\"@id\":\"https:\/\/futurogames.com\/es\/#organization\",\"name\":\"Futuro Games\",\"url\":\"https:\/\/futurogames.com\/es\/\",\"logo\":{\"@type\":\"ImageObject\",\"inLanguage\":\"es\",\"@id\":\"https:\/\/futurogames.com\/es\/#\/schema\/logo\/image\/\",\"url\":\"https:\/\/futurogames.com\/wp-content\/uploads\/2023\/09\/futurogames-zdjecie-profilowe-v1c.png\",\"contentUrl\":\"https:\/\/futurogames.com\/wp-content\/uploads\/2023\/09\/futurogames-zdjecie-profilowe-v1c.png\",\"width\":400,\"height\":400,\"caption\":\"Futuro Games\"},\"image\":{\"@id\":\"https:\/\/futurogames.com\/es\/#\/schema\/logo\/image\/\"}}]}<\/script>\n<!-- \/ Yoast SEO Premium plugin. -->","yoast_head_json":{"title":"Inicio - Futuro Games","robots":{"index":"index","follow":"follow","max-snippet":"max-snippet:-1","max-image-preview":"max-image-preview:large","max-video-preview":"max-video-preview:-1"},"canonical":"https:\/\/futurogames.com\/es\/","og_locale":"es_ES","og_type":"article","og_title":"Inicio","og_url":"https:\/\/futurogames.com\/es\/","og_site_name":"Futuro Games","article_modified_time":"2023-08-28T08:28:41+00:00","og_image":[{"width":400,"height":400,"url":"https:\/\/futurogames.com\/wp-content\/uploads\/2023\/09\/futurogames-zdjecie-profilowe-v1c.png","type":"image\/png"}],"twitter_card":"summary_large_image","schema":{"@context":"https:\/\/schema.org","@graph":[{"@type":"WebPage","@id":"https:\/\/futurogames.com\/es\/","url":"https:\/\/futurogames.com\/es\/","name":"Inicio - Futuro Games","isPartOf":{"@id":"https:\/\/futurogames.com\/es\/#website"},"datePublished":"2023-04-28T10:55:55+00:00","dateModified":"2023-08-28T08:28:41+00:00","breadcrumb":{"@id":"https:\/\/futurogames.com\/es\/#breadcrumb"},"inLanguage":"es","potentialAction":[{"@type":"ReadAction","target":["https:\/\/futurogames.com\/es\/"]}]},{"@type":"BreadcrumbList","@id":"https:\/\/futurogames.com\/es\/#breadcrumb","itemListElement":[{"@type":"ListItem","position":1,"name":"Strona g\u0142\u00f3wna","item":"https:\/\/futurogames.com\/es\/"},{"@type":"ListItem","position":2,"name":"Inicio"}]},{"@type":"WebSite","@id":"https:\/\/futurogames.com\/es\/#website","url":"https:\/\/futurogames.com\/es\/","name":"Futuro Games","description":"At Futuro Games, we believe that education should be fun, inspiring, and accessible to all.","publisher":{"@id":"https:\/\/futurogames.com\/es\/#organization"},"potentialAction":[{"@type":"SearchAction","target":{"@type":"EntryPoint","urlTemplate":"https:\/\/futurogames.com\/es\/?s={search_term_string}"},"query-input":{"@type":"PropertyValueSpecification","valueRequired":true,"valueName":"search_term_string"}}],"inLanguage":"es"},{"@type":"Organization","@id":"https:\/\/futurogames.com\/es\/#organization","name":"Futuro Games","url":"https:\/\/futurogames.com\/es\/","logo":{"@type":"ImageObject","inLanguage":"es","@id":"https:\/\/futurogames.com\/es\/#\/schema\/logo\/image\/","url":"https:\/\/futurogames.com\/wp-content\/uploads\/2023\/09\/futurogames-zdjecie-profilowe-v1c.png","contentUrl":"https:\/\/futurogames.com\/wp-content\/uploads\/2023\/09\/futurogames-zdjecie-profilowe-v1c.png","width":400,"height":400,"caption":"Futuro Games"},"image":{"@id":"https:\/\/futurogames.com\/es\/#\/schema\/logo\/image\/"}}]}},"_links":{"self":[{"href":"https:\/\/futurogames.com\/es\/wp-json\/wp\/v2\/pages\/2093","targetHints":{"allow":["GET"]}}],"collection":[{"href":"https:\/\/futurogames.com\/es\/wp-json\/wp\/v2\/pages"}],"about":[{"href":"https:\/\/futurogames.com\/es\/wp-json\/wp\/v2\/types\/page"}],"author":[{"embeddable":true,"href":"https:\/\/futurogames.com\/es\/wp-json\/wp\/v2\/users\/1"}],"replies":[{"embeddable":true,"href":"https:\/\/futurogames.com\/es\/wp-json\/wp\/v2\/comments?post=2093"}],"version-history":[{"count":0,"href":"https:\/\/futurogames.com\/es\/wp-json\/wp\/v2\/pages\/2093\/revisions"}],"wp:attachment":[{"href":"https:\/\/futurogames.com\/es\/wp-json\/wp\/v2\/media?parent=2093"}],"curies":[{"name":"wp","href":"https:\/\/api.w.org\/{rel}","templated":true}]}}