{"id":953,"date":"2023-05-08T14:50:17","date_gmt":"2023-05-08T12:50:17","guid":{"rendered":"https:\/\/looniverso.com\/gratulacje\/"},"modified":"2023-09-19T17:23:34","modified_gmt":"2023-09-19T15:23:34","slug":"herzlichen-glueckwunsch","status":"publish","type":"page","link":"https:\/\/futurogames.com\/de\/herzlichen-glueckwunsch\/","title":{"rendered":"Herzlichen Gl\u00fcckwunsch"},"content":{"rendered":"<section class=\"acf-header \" id=\"header-block_8fb6ed3ede2ad5812a36cb60575588fa\">\n    <div class=\"acf-header__bg\" style=\"background-color: #072ac8; \">\n        <div class=\"container\">\n            <div class=\"acf-header__wrapper\">\n                <div class=\"acf-header__logo\">\n                    <a href=\"https:\/\/futurogames.com\/de\/\">\n                        <img loading=\"lazy\" decoding=\"async\" width=\"236\" height=\"75\" src=\"https:\/\/futurogames.com\/wp-content\/uploads\/2023\/04\/logo.svg\" class=\"attachment-full size-full\" alt=\"\" \/>                    <\/a>\n                <\/div>\n                                    <div class=\"acf-header__nav\">\n                        <div id=\"nav__primary\" class=\"nav__top\"><ul><li id=\"menu-item-847\" class=\"menu-item menu-item-type-custom menu-item-object-custom menu-item-has-children menu-item-847\"><a href=\"#\">Produkte<\/a>\n<ul class=\"sub-menu\">\n\t<li id=\"menu-item-844\" class=\"menu-item menu-item-type-post_type menu-item-object-page menu-item-844\"><a href=\"https:\/\/futurogames.com\/de\/loonie-lingo-teaser\/\">Futuro Lingo<\/a><\/li>\n\t<li id=\"menu-item-2747\" class=\"menu-item menu-item-type-post_type menu-item-object-page menu-item-2747\"><a href=\"https:\/\/futurogames.com\/de\/futuro-multiplicraft\/\">Futuro Math Masters<\/a><\/li>\n<\/ul>\n<\/li>\n<li id=\"menu-item-848\" class=\"menu-item menu-item-type-custom menu-item-object-custom menu-item-848\"><a href=\"#contact\">Kontakt<\/a><\/li>\n<\/ul><\/div>                        <div class=\"acf-header__nav__lang\">\n                        \n<div class=\"wpml-ls-statics-shortcode_actions wpml-ls wpml-ls-legacy-dropdown-click js-wpml-ls-legacy-dropdown-click\">\n\t<ul>\n\n\t\t<li class=\"wpml-ls-slot-shortcode_actions wpml-ls-item wpml-ls-item-de wpml-ls-current-language wpml-ls-item-legacy-dropdown-click\">\n\n\t\t\t<a href=\"#\" class=\"js-wpml-ls-item-toggle wpml-ls-item-toggle\">\n                                                    <img decoding=\"async\"\n            class=\"wpml-ls-flag\"\n            src=\"https:\/\/futurogames.com\/wp-content\/plugins\/sitepress-multilingual-cms\/res\/flags\/de.svg\"\n            alt=\"\"\n            width=18\n            height=12\n    \/><span class=\"wpml-ls-native\">DE<\/span><\/a>\n\n\t\t\t<ul class=\"js-wpml-ls-sub-menu wpml-ls-sub-menu\">\n\t\t\t\t\n\t\t\t\t\t<li class=\"wpml-ls-slot-shortcode_actions wpml-ls-item wpml-ls-item-en wpml-ls-first-item\">\n\t\t\t\t\t\t<a href=\"https:\/\/futurogames.com\/\" class=\"wpml-ls-link\">\n                                                                <img decoding=\"async\"\n            class=\"wpml-ls-flag\"\n            src=\"https:\/\/futurogames.com\/wp-content\/plugins\/sitepress-multilingual-cms\/res\/flags\/en.svg\"\n            alt=\"\"\n            width=18\n            height=12\n    \/><span class=\"wpml-ls-native\" lang=\"en\">EN<\/span><\/a>\n\t\t\t\t\t<\/li>\n\n\t\t\t\t\n\t\t\t\t\t<li class=\"wpml-ls-slot-shortcode_actions wpml-ls-item wpml-ls-item-fr\">\n\t\t\t\t\t\t<a href=\"https:\/\/futurogames.com\/fr\/\" class=\"wpml-ls-link\">\n                                                                <img decoding=\"async\"\n            class=\"wpml-ls-flag\"\n            src=\"https:\/\/futurogames.com\/wp-content\/plugins\/sitepress-multilingual-cms\/res\/flags\/fr.svg\"\n            alt=\"\"\n            width=18\n            height=12\n    \/><span class=\"wpml-ls-native\" lang=\"fr\">FR<\/span><\/a>\n\t\t\t\t\t<\/li>\n\n\t\t\t\t\n\t\t\t\t\t<li class=\"wpml-ls-slot-shortcode_actions wpml-ls-item wpml-ls-item-pl\">\n\t\t\t\t\t\t<a href=\"https:\/\/futurogames.com\/pl\/\" class=\"wpml-ls-link\">\n                                                                <img decoding=\"async\"\n            class=\"wpml-ls-flag\"\n            src=\"https:\/\/futurogames.com\/wp-content\/plugins\/sitepress-multilingual-cms\/res\/flags\/pl.svg\"\n            alt=\"\"\n            width=18\n            height=12\n    \/><span class=\"wpml-ls-native\" lang=\"pl\">PL<\/span><\/a>\n\t\t\t\t\t<\/li>\n\n\t\t\t\t\n\t\t\t\t\t<li class=\"wpml-ls-slot-shortcode_actions wpml-ls-item wpml-ls-item-it\">\n\t\t\t\t\t\t<a href=\"https:\/\/futurogames.com\/it\/\" class=\"wpml-ls-link\">\n                                                                <img decoding=\"async\"\n            class=\"wpml-ls-flag\"\n            src=\"https:\/\/futurogames.com\/wp-content\/plugins\/sitepress-multilingual-cms\/res\/flags\/it.svg\"\n            alt=\"\"\n            width=18\n            height=12\n    \/><span class=\"wpml-ls-native\" lang=\"it\">IT<\/span><\/a>\n\t\t\t\t\t<\/li>\n\n\t\t\t\t\n\t\t\t\t\t<li class=\"wpml-ls-slot-shortcode_actions wpml-ls-item wpml-ls-item-es\">\n\t\t\t\t\t\t<a href=\"https:\/\/futurogames.com\/es\/\" class=\"wpml-ls-link\">\n                                                                <img decoding=\"async\"\n            class=\"wpml-ls-flag\"\n            src=\"https:\/\/futurogames.com\/wp-content\/plugins\/sitepress-multilingual-cms\/res\/flags\/es.svg\"\n            alt=\"\"\n            width=18\n            height=12\n    \/><span class=\"wpml-ls-native\" lang=\"es\">ES<\/span><\/a>\n\t\t\t\t\t<\/li>\n\n\t\t\t\t\n\t\t\t\t\t<li class=\"wpml-ls-slot-shortcode_actions wpml-ls-item wpml-ls-item-id\">\n\t\t\t\t\t\t<a href=\"https:\/\/futurogames.com\/id\/\" class=\"wpml-ls-link\">\n                                                                <img decoding=\"async\"\n            class=\"wpml-ls-flag\"\n            src=\"https:\/\/futurogames.com\/wp-content\/plugins\/sitepress-multilingual-cms\/res\/flags\/id.svg\"\n            alt=\"\"\n            width=18\n            height=12\n    \/><span class=\"wpml-ls-native\" lang=\"id\">Indonesia<\/span><span class=\"wpml-ls-display\"><span class=\"wpml-ls-bracket\"> (<\/span>ID<span class=\"wpml-ls-bracket\">)<\/span><\/span><\/a>\n\t\t\t\t\t<\/li>\n\n\t\t\t\t\n\t\t\t\t\t<li class=\"wpml-ls-slot-shortcode_actions wpml-ls-item wpml-ls-item-us wpml-ls-last-item\">\n\t\t\t\t\t\t<a href=\"https:\/\/futurogames.com\/us\/\" class=\"wpml-ls-link\">\n                                                                <img decoding=\"async\"\n            class=\"wpml-ls-flag\"\n            src=\"https:\/\/futurogames.com\/wp-content\/uploads\/flags\/us[1].svg\"\n            alt=\"\"\n            width=18\n            height=12\n    \/><span class=\"wpml-ls-native\" lang=\"us\">US<\/span><\/a>\n\t\t\t\t\t<\/li>\n\n\t\t\t\t\t\t\t<\/ul>\n\n\t\t<\/li>\n\n\t<\/ul>\n<\/div>\n                        <\/div>\n                    <\/div>\n                            <\/div>\n        <\/div>\n    <\/div>\n    <\/section><section class=\"acf-pictograms\" id=\"thx\">\n    <div class=\"acf-pictograms__bg bg\" style=\"background-color: #072ac8; \">\n        <div class=\"container container--small \">\n            <div class=\"acf-pictograms__wrapper\">\n                <div class=\"acf-pictograms__content__text\"><h1 style=\"text-align: center;\"><span style=\"color: #ffffff;\">Herzlichen Gl\u00fcckwunsch zu Ihrem Neukauf!<\/span><\/h1>\n<p style=\"text-align: center;\"><span style=\"color: #ffffff;\">Wir freuen uns, dass Sie sich f\u00fcr unser Unternehmen entschieden haben, um Ihrem Kind eine Sprache beizubringen. Wir hoffen, dass der Kurs dazu beitr\u00e4gt, die Sprachkenntnisse Ihres Kindes zu erweitern und ihm zu helfen, in der Zukunft erfolgreich zu sein. Wenn Sie Fragen haben oder Hilfe ben\u00f6tigen, steht Ihnen unser Kundendienstteam gerne zur Verf\u00fcgung. Nochmals vielen Dank, dass Sie sich f\u00fcr unser Unternehmen entschieden haben, und wir w\u00fcnschen Ihrem Kind eine erfolgreiche Lernerfahrung!<\/span><\/p>\n<p style=\"text-align: center;\"><span style=\"color: #ffffff;\">Kurz nach der Gutschrift Ihrer Zahlung erhalten Sie alle notwendigen Informationen \u00fcber den Start unseres Kurses in Ihrem E-Mail-Posteingang.<\/span><\/p>\n<\/div><div class=\"acf-pictograms__content__button\"><div class=\"btn\">\n    <a href=\"https:\/\/futurogames.com\/de\/\" target=\"_self\">\n        Zur\u00fcck zur Hauptseite    <\/a>\n<\/div><\/div>            <\/div>\n        <\/div>\n    <\/div>\n    <\/section>","protected":false},"excerpt":{"rendered":"","protected":false},"author":1,"featured_media":0,"parent":0,"menu_order":0,"comment_status":"closed","ping_status":"closed","template":"templates\/template-thx.php","meta":{"_acf_changed":false,"inline_featured_image":false,"footnotes":""},"class_list":["post-953","page","type-page","status-publish","hentry"],"acf":[],"yoast_head":"<!-- This site is optimized with the Yoast SEO Premium plugin v23.3 (Yoast SEO v23.4) - https:\/\/yoast.com\/wordpress\/plugins\/seo\/ -->\n<title>Herzlichen Gl\u00fcckwunsch - Futuro Games<\/title>\n<meta name=\"robots\" content=\"index, follow, max-snippet:-1, max-image-preview:large, max-video-preview:-1\" \/>\n<link rel=\"canonical\" href=\"https:\/\/futurogames.com\/de\/herzlichen-glueckwunsch\/\" \/>\n<meta property=\"og:locale\" content=\"de_DE\" \/>\n<meta property=\"og:type\" content=\"article\" \/>\n<meta property=\"og:title\" content=\"Herzlichen Gl\u00fcckwunsch\" \/>\n<meta property=\"og:url\" content=\"https:\/\/futurogames.com\/de\/herzlichen-glueckwunsch\/\" \/>\n<meta property=\"og:site_name\" content=\"Futuro Games\" \/>\n<meta property=\"article:modified_time\" content=\"2023-09-19T15:23:34+00:00\" \/>\n<meta property=\"og:image\" content=\"https:\/\/futurogames.com\/wp-content\/uploads\/2023\/09\/futurogames-zdjecie-profilowe-v1c.png\" \/>\n\t<meta property=\"og:image:width\" content=\"400\" \/>\n\t<meta property=\"og:image:height\" content=\"400\" \/>\n\t<meta property=\"og:image:type\" content=\"image\/png\" \/>\n<meta name=\"twitter:card\" content=\"summary_large_image\" \/>\n<script type=\"application\/ld+json\" class=\"yoast-schema-graph\">{\"@context\":\"https:\/\/schema.org\",\"@graph\":[{\"@type\":\"WebPage\",\"@id\":\"https:\/\/futurogames.com\/de\/herzlichen-glueckwunsch\/\",\"url\":\"https:\/\/futurogames.com\/de\/herzlichen-glueckwunsch\/\",\"name\":\"Herzlichen Gl\u00fcckwunsch - Futuro Games\",\"isPartOf\":{\"@id\":\"https:\/\/futurogames.com\/de\/#website\"},\"datePublished\":\"2023-05-08T12:50:17+00:00\",\"dateModified\":\"2023-09-19T15:23:34+00:00\",\"breadcrumb\":{\"@id\":\"https:\/\/futurogames.com\/de\/herzlichen-glueckwunsch\/#breadcrumb\"},\"inLanguage\":\"de\",\"potentialAction\":[{\"@type\":\"ReadAction\",\"target\":[\"https:\/\/futurogames.com\/de\/herzlichen-glueckwunsch\/\"]}]},{\"@type\":\"BreadcrumbList\",\"@id\":\"https:\/\/futurogames.com\/de\/herzlichen-glueckwunsch\/#breadcrumb\",\"itemListElement\":[{\"@type\":\"ListItem\",\"position\":1,\"name\":\"Strona g\u0142\u00f3wna\",\"item\":\"https:\/\/futurogames.com\/de\/\"},{\"@type\":\"ListItem\",\"position\":2,\"name\":\"Herzlichen Gl\u00fcckwunsch\"}]},{\"@type\":\"WebSite\",\"@id\":\"https:\/\/futurogames.com\/de\/#website\",\"url\":\"https:\/\/futurogames.com\/de\/\",\"name\":\"Futuro Games\",\"description\":\"At Futuro Games, we believe that education should be fun, inspiring, and accessible to all.\",\"publisher\":{\"@id\":\"https:\/\/futurogames.com\/de\/#organization\"},\"potentialAction\":[{\"@type\":\"SearchAction\",\"target\":{\"@type\":\"EntryPoint\",\"urlTemplate\":\"https:\/\/futurogames.com\/de\/?s={search_term_string}\"},\"query-input\":{\"@type\":\"PropertyValueSpecification\",\"valueRequired\":true,\"valueName\":\"search_term_string\"}}],\"inLanguage\":\"de\"},{\"@type\":\"Organization\",\"@id\":\"https:\/\/futurogames.com\/de\/#organization\",\"name\":\"Futuro Games\",\"url\":\"https:\/\/futurogames.com\/de\/\",\"logo\":{\"@type\":\"ImageObject\",\"inLanguage\":\"de\",\"@id\":\"https:\/\/futurogames.com\/de\/#\/schema\/logo\/image\/\",\"url\":\"https:\/\/futurogames.com\/wp-content\/uploads\/2023\/09\/futurogames-zdjecie-profilowe-v1c.png\",\"contentUrl\":\"https:\/\/futurogames.com\/wp-content\/uploads\/2023\/09\/futurogames-zdjecie-profilowe-v1c.png\",\"width\":400,\"height\":400,\"caption\":\"Futuro Games\"},\"image\":{\"@id\":\"https:\/\/futurogames.com\/de\/#\/schema\/logo\/image\/\"}}]}<\/script>\n<!-- \/ Yoast SEO Premium plugin. -->","yoast_head_json":{"title":"Herzlichen Gl\u00fcckwunsch - Futuro Games","robots":{"index":"index","follow":"follow","max-snippet":"max-snippet:-1","max-image-preview":"max-image-preview:large","max-video-preview":"max-video-preview:-1"},"canonical":"https:\/\/futurogames.com\/de\/herzlichen-glueckwunsch\/","og_locale":"de_DE","og_type":"article","og_title":"Herzlichen Gl\u00fcckwunsch","og_url":"https:\/\/futurogames.com\/de\/herzlichen-glueckwunsch\/","og_site_name":"Futuro Games","article_modified_time":"2023-09-19T15:23:34+00:00","og_image":[{"width":400,"height":400,"url":"https:\/\/futurogames.com\/wp-content\/uploads\/2023\/09\/futurogames-zdjecie-profilowe-v1c.png","type":"image\/png"}],"twitter_card":"summary_large_image","schema":{"@context":"https:\/\/schema.org","@graph":[{"@type":"WebPage","@id":"https:\/\/futurogames.com\/de\/herzlichen-glueckwunsch\/","url":"https:\/\/futurogames.com\/de\/herzlichen-glueckwunsch\/","name":"Herzlichen Gl\u00fcckwunsch - Futuro Games","isPartOf":{"@id":"https:\/\/futurogames.com\/de\/#website"},"datePublished":"2023-05-08T12:50:17+00:00","dateModified":"2023-09-19T15:23:34+00:00","breadcrumb":{"@id":"https:\/\/futurogames.com\/de\/herzlichen-glueckwunsch\/#breadcrumb"},"inLanguage":"de","potentialAction":[{"@type":"ReadAction","target":["https:\/\/futurogames.com\/de\/herzlichen-glueckwunsch\/"]}]},{"@type":"BreadcrumbList","@id":"https:\/\/futurogames.com\/de\/herzlichen-glueckwunsch\/#breadcrumb","itemListElement":[{"@type":"ListItem","position":1,"name":"Strona g\u0142\u00f3wna","item":"https:\/\/futurogames.com\/de\/"},{"@type":"ListItem","position":2,"name":"Herzlichen Gl\u00fcckwunsch"}]},{"@type":"WebSite","@id":"https:\/\/futurogames.com\/de\/#website","url":"https:\/\/futurogames.com\/de\/","name":"Futuro Games","description":"At Futuro Games, we believe that education should be fun, inspiring, and accessible to all.","publisher":{"@id":"https:\/\/futurogames.com\/de\/#organization"},"potentialAction":[{"@type":"SearchAction","target":{"@type":"EntryPoint","urlTemplate":"https:\/\/futurogames.com\/de\/?s={search_term_string}"},"query-input":{"@type":"PropertyValueSpecification","valueRequired":true,"valueName":"search_term_string"}}],"inLanguage":"de"},{"@type":"Organization","@id":"https:\/\/futurogames.com\/de\/#organization","name":"Futuro Games","url":"https:\/\/futurogames.com\/de\/","logo":{"@type":"ImageObject","inLanguage":"de","@id":"https:\/\/futurogames.com\/de\/#\/schema\/logo\/image\/","url":"https:\/\/futurogames.com\/wp-content\/uploads\/2023\/09\/futurogames-zdjecie-profilowe-v1c.png","contentUrl":"https:\/\/futurogames.com\/wp-content\/uploads\/2023\/09\/futurogames-zdjecie-profilowe-v1c.png","width":400,"height":400,"caption":"Futuro Games"},"image":{"@id":"https:\/\/futurogames.com\/de\/#\/schema\/logo\/image\/"}}]}},"_links":{"self":[{"href":"https:\/\/futurogames.com\/de\/wp-json\/wp\/v2\/pages\/953","targetHints":{"allow":["GET"]}}],"collection":[{"href":"https:\/\/futurogames.com\/de\/wp-json\/wp\/v2\/pages"}],"about":[{"href":"https:\/\/futurogames.com\/de\/wp-json\/wp\/v2\/types\/page"}],"author":[{"embeddable":true,"href":"https:\/\/futurogames.com\/de\/wp-json\/wp\/v2\/users\/1"}],"replies":[{"embeddable":true,"href":"https:\/\/futurogames.com\/de\/wp-json\/wp\/v2\/comments?post=953"}],"version-history":[{"count":0,"href":"https:\/\/futurogames.com\/de\/wp-json\/wp\/v2\/pages\/953\/revisions"}],"wp:attachment":[{"href":"https:\/\/futurogames.com\/de\/wp-json\/wp\/v2\/media?parent=953"}],"curies":[{"name":"wp","href":"https:\/\/api.w.org\/{rel}","templated":true}]}}