{"id":774,"date":"2023-04-28T12:55:55","date_gmt":"2023-04-28T10:55:55","guid":{"rendered":"https:\/\/looniverso.com\/home\/"},"modified":"2023-08-25T08:31:18","modified_gmt":"2023-08-25T06:31:18","slug":"home","status":"publish","type":"page","link":"https:\/\/futurogames.com\/de\/","title":{"rendered":"Home"},"content":{"rendered":"<section class=\"acf-header  acf-header--absolute\" id=\"header-block_e7e91e9abc674933032b0f806e06381b\">\n    <div class=\"acf-header__bg\" style=\"background-color: ; \">\n        <div class=\"container\">\n            <div class=\"acf-header__wrapper\">\n                <div class=\"acf-header__logo\">\n                    <a href=\"https:\/\/futurogames.com\/de\/\">\n                        <img loading=\"lazy\" decoding=\"async\" width=\"236\" height=\"75\" src=\"https:\/\/futurogames.com\/wp-content\/uploads\/2023\/04\/logo.svg\" class=\"attachment-full size-full\" alt=\"\" \/>                    <\/a>\n                <\/div>\n                                    <div class=\"acf-header__nav\">\n                        <div id=\"nav__primary\" class=\"nav__top\"><ul><li id=\"menu-item-847\" class=\"menu-item menu-item-type-custom menu-item-object-custom menu-item-has-children menu-item-847\"><a href=\"#\">Produkte<\/a>\n<ul class=\"sub-menu\">\n\t<li id=\"menu-item-844\" class=\"menu-item menu-item-type-post_type menu-item-object-page menu-item-844\"><a href=\"https:\/\/futurogames.com\/de\/loonie-lingo-teaser\/\">Futuro Lingo<\/a><\/li>\n\t<li id=\"menu-item-2747\" class=\"menu-item menu-item-type-post_type menu-item-object-page menu-item-2747\"><a href=\"https:\/\/futurogames.com\/de\/futuro-multiplicraft\/\">Futuro Math Masters<\/a><\/li>\n<\/ul>\n<\/li>\n<li id=\"menu-item-848\" class=\"menu-item menu-item-type-custom menu-item-object-custom menu-item-848\"><a href=\"#contact\">Kontakt<\/a><\/li>\n<\/ul><\/div>                        <div class=\"acf-header__nav__lang\">\n                        \n<div class=\"wpml-ls-statics-shortcode_actions wpml-ls wpml-ls-legacy-dropdown-click js-wpml-ls-legacy-dropdown-click\">\n\t<ul>\n\n\t\t<li class=\"wpml-ls-slot-shortcode_actions wpml-ls-item wpml-ls-item-de wpml-ls-current-language wpml-ls-item-legacy-dropdown-click\">\n\n\t\t\t<a href=\"#\" class=\"js-wpml-ls-item-toggle wpml-ls-item-toggle\">\n                                                    <img decoding=\"async\"\n            class=\"wpml-ls-flag\"\n            src=\"https:\/\/futurogames.com\/wp-content\/plugins\/sitepress-multilingual-cms\/res\/flags\/de.svg\"\n            alt=\"\"\n            width=18\n            height=12\n    \/><span class=\"wpml-ls-native\">DE<\/span><\/a>\n\n\t\t\t<ul class=\"js-wpml-ls-sub-menu wpml-ls-sub-menu\">\n\t\t\t\t\n\t\t\t\t\t<li class=\"wpml-ls-slot-shortcode_actions wpml-ls-item wpml-ls-item-en wpml-ls-first-item\">\n\t\t\t\t\t\t<a href=\"https:\/\/futurogames.com\/\" class=\"wpml-ls-link\">\n                                                                <img decoding=\"async\"\n            class=\"wpml-ls-flag\"\n            src=\"https:\/\/futurogames.com\/wp-content\/plugins\/sitepress-multilingual-cms\/res\/flags\/en.svg\"\n            alt=\"\"\n            width=18\n            height=12\n    \/><span class=\"wpml-ls-native\" lang=\"en\">EN<\/span><\/a>\n\t\t\t\t\t<\/li>\n\n\t\t\t\t\n\t\t\t\t\t<li class=\"wpml-ls-slot-shortcode_actions wpml-ls-item wpml-ls-item-fr\">\n\t\t\t\t\t\t<a href=\"https:\/\/futurogames.com\/fr\/\" class=\"wpml-ls-link\">\n                                                                <img decoding=\"async\"\n            class=\"wpml-ls-flag\"\n            src=\"https:\/\/futurogames.com\/wp-content\/plugins\/sitepress-multilingual-cms\/res\/flags\/fr.svg\"\n            alt=\"\"\n            width=18\n            height=12\n    \/><span class=\"wpml-ls-native\" lang=\"fr\">FR<\/span><\/a>\n\t\t\t\t\t<\/li>\n\n\t\t\t\t\n\t\t\t\t\t<li class=\"wpml-ls-slot-shortcode_actions wpml-ls-item wpml-ls-item-pl\">\n\t\t\t\t\t\t<a href=\"https:\/\/futurogames.com\/pl\/\" class=\"wpml-ls-link\">\n                                                                <img decoding=\"async\"\n            class=\"wpml-ls-flag\"\n            src=\"https:\/\/futurogames.com\/wp-content\/plugins\/sitepress-multilingual-cms\/res\/flags\/pl.svg\"\n            alt=\"\"\n            width=18\n            height=12\n    \/><span class=\"wpml-ls-native\" lang=\"pl\">PL<\/span><\/a>\n\t\t\t\t\t<\/li>\n\n\t\t\t\t\n\t\t\t\t\t<li class=\"wpml-ls-slot-shortcode_actions wpml-ls-item wpml-ls-item-it\">\n\t\t\t\t\t\t<a href=\"https:\/\/futurogames.com\/it\/\" class=\"wpml-ls-link\">\n                                                                <img decoding=\"async\"\n            class=\"wpml-ls-flag\"\n            src=\"https:\/\/futurogames.com\/wp-content\/plugins\/sitepress-multilingual-cms\/res\/flags\/it.svg\"\n            alt=\"\"\n            width=18\n            height=12\n    \/><span class=\"wpml-ls-native\" lang=\"it\">IT<\/span><\/a>\n\t\t\t\t\t<\/li>\n\n\t\t\t\t\n\t\t\t\t\t<li class=\"wpml-ls-slot-shortcode_actions wpml-ls-item wpml-ls-item-es\">\n\t\t\t\t\t\t<a href=\"https:\/\/futurogames.com\/es\/\" class=\"wpml-ls-link\">\n                                                                <img decoding=\"async\"\n            class=\"wpml-ls-flag\"\n            src=\"https:\/\/futurogames.com\/wp-content\/plugins\/sitepress-multilingual-cms\/res\/flags\/es.svg\"\n            alt=\"\"\n            width=18\n            height=12\n    \/><span class=\"wpml-ls-native\" lang=\"es\">ES<\/span><\/a>\n\t\t\t\t\t<\/li>\n\n\t\t\t\t\n\t\t\t\t\t<li class=\"wpml-ls-slot-shortcode_actions wpml-ls-item wpml-ls-item-id\">\n\t\t\t\t\t\t<a href=\"https:\/\/futurogames.com\/id\/\" class=\"wpml-ls-link\">\n                                                                <img decoding=\"async\"\n            class=\"wpml-ls-flag\"\n            src=\"https:\/\/futurogames.com\/wp-content\/plugins\/sitepress-multilingual-cms\/res\/flags\/id.svg\"\n            alt=\"\"\n            width=18\n            height=12\n    \/><span class=\"wpml-ls-native\" lang=\"id\">Indonesia<\/span><span class=\"wpml-ls-display\"><span class=\"wpml-ls-bracket\"> (<\/span>ID<span class=\"wpml-ls-bracket\">)<\/span><\/span><\/a>\n\t\t\t\t\t<\/li>\n\n\t\t\t\t\n\t\t\t\t\t<li class=\"wpml-ls-slot-shortcode_actions wpml-ls-item wpml-ls-item-us wpml-ls-last-item\">\n\t\t\t\t\t\t<a href=\"https:\/\/futurogames.com\/us\/\" class=\"wpml-ls-link\">\n                                                                <img decoding=\"async\"\n            class=\"wpml-ls-flag\"\n            src=\"https:\/\/futurogames.com\/wp-content\/uploads\/flags\/us[1].svg\"\n            alt=\"\"\n            width=18\n            height=12\n    \/><span class=\"wpml-ls-native\" lang=\"us\">US<\/span><\/a>\n\t\t\t\t\t<\/li>\n\n\t\t\t\t\t\t\t<\/ul>\n\n\t\t<\/li>\n\n\t<\/ul>\n<\/div>\n                        <\/div>\n                    <\/div>\n                            <\/div>\n        <\/div>\n    <\/div>\n    <\/section><section class=\"acf-hero\" id=\"home\">\n    <div class=\"acf-hero__bg\" style=\"background-color: #072ac8; \">\n        <div class=\"container\">\n            <div class=\"acf-hero__wrapper\">\n                <div class=\"acf-hero__col acf-hero__col--left\">\n                    <div class=\"acf-hero__content__text\"><h1>Wir von <strong>Futuro<\/strong>games sind der Meinung, dass Bildung Spa\u00df machen, inspirieren und f\u00fcr alle zug\u00e4nglich sein sollte.<\/h1>\n<p>Wir wissen, dass jedes Kind anders lernt. Deshalb haben wir einen einzigartigen Lernansatz entwickelt, der beliebte Spiele und Konzepte mit hochwertigen Bildungsinhalten kombiniert.<\/p>\n<p>Unsere Vision ist es, die n\u00e4chste Generation mit den F\u00e4higkeiten und dem Wissen auszustatten, die sie braucht, um in einer sich st\u00e4ndig ver\u00e4ndernden Welt erfolgreich zu sein. Wir sind davon \u00fcberzeugt, dass wir durch unterhaltsames und interaktives Lernen bei Kindern eine lebenslange Leidenschaft f\u00fcr Bildung entfachen und ihnen das R\u00fcstzeug geben k\u00f6nnen, um ihr Potenzial voll auszusch\u00f6pfen.<\/p>\n<p>Wir verpflichten uns, qualitativ hochwertige Kurse anzubieten, die Kinder aller Altersgruppen und F\u00e4higkeiten herausfordern und begeistern. Unser Team aus erfahrenen P\u00e4dagogen und Spieldesignern arbeitet unerm\u00fcdlich daran, Programme zu entwickeln, die nicht nur lehrreich sind, sondern auch Spa\u00df machen und spannend sind.<\/p>\n<p>Bei Looniverso legen wir bei allem, was wir tun, Wert auf Kreativit\u00e4t, Innovation und hervorragende Leistungen. Es ist unsere Leidenschaft, das Leben von Kindern zu ver\u00e4ndern, und wir engagieren uns f\u00fcr ein unterst\u00fctzendes und integratives Lernumfeld.<\/p>\n<p>Begleiten Sie uns auf unserer Mission, die Bildung zu revolutionieren und die n\u00e4chste Generation von Lernenden zu inspirieren. Melden Sie Ihr Kind noch heute in einem unserer Minecraft-, Roblox- oder Lego-Kurse an!<\/p>\n<\/div>                <\/div>\n                <div class=\"acf-hero__col acf-hero__col--right\">\n                    <div class=\"acf-hero__content__img\"><img loading=\"lazy\" decoding=\"async\" width=\"772\" height=\"849\" src=\"https:\/\/futurogames.com\/wp-content\/uploads\/2023\/04\/tmp_home_hero-1.png\" class=\"attachment-full size-full\" alt=\"\" srcset=\"https:\/\/futurogames.com\/wp-content\/uploads\/2023\/04\/tmp_home_hero-1.png 772w, https:\/\/futurogames.com\/wp-content\/uploads\/2023\/04\/tmp_home_hero-1-600x660.png 600w, https:\/\/futurogames.com\/wp-content\/uploads\/2023\/04\/tmp_home_hero-1-273x300.png 273w, https:\/\/futurogames.com\/wp-content\/uploads\/2023\/04\/tmp_home_hero-1-768x845.png 768w, https:\/\/futurogames.com\/wp-content\/uploads\/2023\/04\/tmp_home_hero-1-418x460.png 418w, https:\/\/futurogames.com\/wp-content\/uploads\/2023\/04\/tmp_home_hero-1-264x290.png 264w, https:\/\/futurogames.com\/wp-content\/uploads\/2023\/04\/tmp_home_hero-1-291x320.png 291w\" sizes=\"auto, (max-width: 772px) 100vw, 772px\" \/><\/div>                <\/div>\n            <\/div>\n        <\/div>\n                    <a href=\"#next\" class=\"acf-hero__arrow\">\n                <svg xmlns=\"http:\/\/www.w3.org\/2000\/svg\" width=\"40\" height=\"40\" viewBox=\"0 0 40 40\">\n                    <g id=\"ic-arrows-bottom\" transform=\"translate(7.78 8.435)\">\n                        <g id=\"Group_625\" data-name=\"Group 625\" transform=\"translate(0 -0.365)\">\n                            <line id=\"Line_55\" data-name=\"Line 55\" y2=\"16.14\" transform=\"translate(12 3.93)\" fill=\"none\" stroke=\"#f3f6fb\" stroke-linecap=\"round\" stroke-linejoin=\"bevel\" stroke-width=\"1.5\" \/>\n                            <path id=\"Path_44\" data-name=\"Path 44\" d=\"M7.22,15.67l4.11,4.11a1,1,0,0,0,1.41,0l4-4\" fill=\"none\" stroke=\"#f3f6fb\" stroke-linecap=\"round\" stroke-linejoin=\"bevel\" stroke-width=\"1.5\" \/>\n                        <\/g>\n                        <g id=\"Ellipse_5\" data-name=\"Ellipse 5\" transform=\"translate(-7.78 -8.435)\" fill=\"none\" stroke=\"#f3f6fb\" stroke-width=\"1\">\n                            <circle cx=\"20\" cy=\"20\" r=\"20\" stroke=\"none\" \/>\n                            <circle cx=\"20\" cy=\"20\" r=\"19.5\" fill=\"none\" \/>\n                        <\/g>\n                    <\/g>\n                <\/svg>\n            <\/a>\n            <\/div>\n            <svg width=\"100%\" height=\"100%\" version=\"1.1\" xmlns=\"http:\/\/www.w3.org\/2000\/svg\" class=\"acf-hero__vawe__wrapper\">\n                            <path class=\"acf-hero__vawe__item\" fill=\"#ffc600\" \/>\n                            <path class=\"acf-hero__vawe__item\" fill=\"#072ac8\" \/>\n                    <\/svg>\n    <\/section><section class=\"acf-pictograms\" id=\"next\">\n    <div class=\"acf-pictograms__bg bg\" style=\"background-color: #f3f6fb; \">\n        <div class=\"container  acf-pictograms__small__height\">\n            <div class=\"acf-pictograms__wrapper\">\n                <div class=\"acf-pictograms__content__text\"><h2 style=\"text-align: center;\">Produkte<\/h2>\n<\/div><div class=\"acf-pictograms__content__products\"><div class=\"acf-pictograms__content__products__wrapper\"><div class=\"acf-pictograms__content__products__box\"><a href=\"https:\/\/virtualone.futurogames.com\/de\" ><div class=\"acf-pictograms__content__products__img\"><img loading=\"lazy\" decoding=\"async\" width=\"388\" height=\"220\" src=\"https:\/\/futurogames.com\/wp-content\/uploads\/2023\/06\/Virtual-One.png\" class=\"attachment-450x999 size-450x999\" alt=\"\" srcset=\"https:\/\/futurogames.com\/wp-content\/uploads\/2023\/06\/Virtual-One.png 388w, https:\/\/futurogames.com\/wp-content\/uploads\/2023\/06\/Virtual-One-300x170.png 300w\" sizes=\"auto, (max-width: 388px) 100vw, 388px\" \/><\/div><\/a><a href=\"https:\/\/virtualone.futurogames.com\/de\" ><h4 class=\"acf-pictograms__content__products__name\">Futuro Virtual One<\/h4><\/a><a href=\"https:\/\/virtualone.futurogames.com\/de\" ><p class=\"acf-pictograms__content__products__description\">The only language course in the world of Minecraft!<\/p><\/a><div class=\"acf-pictograms__content__products__button btn\"><a href=\"https:\/\/virtualone.futurogames.com\/de\" target=\"\">Weitere Einzelheiten anzeigen<\/a><\/div><\/div><div class=\"acf-pictograms__content__products__box\"><a href=\"https:\/\/futurogames.com\/de\/loonie-lingo-teaser\/\" ><div class=\"acf-pictograms__content__products__img\"><img loading=\"lazy\" decoding=\"async\" width=\"388\" height=\"220\" src=\"https:\/\/futurogames.com\/wp-content\/uploads\/2023\/06\/loonilngo.png\" class=\"attachment-450x999 size-450x999\" alt=\"\" srcset=\"https:\/\/futurogames.com\/wp-content\/uploads\/2023\/06\/loonilngo.png 388w, https:\/\/futurogames.com\/wp-content\/uploads\/2023\/06\/loonilngo-300x170.png 300w\" sizes=\"auto, (max-width: 388px) 100vw, 388px\" \/><\/div><\/a><a href=\"https:\/\/futurogames.com\/de\/loonie-lingo-teaser\/\" ><h4 class=\"acf-pictograms__content__products__name\">Futuro Lingo<\/h4><\/a><a href=\"https:\/\/futurogames.com\/de\/loonie-lingo-teaser\/\" ><p class=\"acf-pictograms__content__products__description\">AI-Powered English A1 E-Learning Course<\/p><\/a><div class=\"acf-pictograms__content__products__button btn\"><a href=\"https:\/\/futurogames.com\/de\/loonie-lingo-teaser\/\" target=\"\">Weitere Einzelheiten anzeigen<\/a><\/div><\/div><div class=\"acf-pictograms__content__products__box\"><a href=\"https:\/\/futurogames.com\/de\/futuro-multiplicraft\/\" ><div class=\"acf-pictograms__content__products__img\"><img loading=\"lazy\" decoding=\"async\" width=\"388\" height=\"220\" src=\"https:\/\/futurogames.com\/wp-content\/uploads\/2023\/06\/MultipliCraft.png\" class=\"attachment-450x999 size-450x999\" alt=\"\" srcset=\"https:\/\/futurogames.com\/wp-content\/uploads\/2023\/06\/MultipliCraft.png 388w, https:\/\/futurogames.com\/wp-content\/uploads\/2023\/06\/MultipliCraft-300x170.png 300w\" sizes=\"auto, (max-width: 388px) 100vw, 388px\" \/><\/div><\/a><a href=\"https:\/\/futurogames.com\/de\/futuro-multiplicraft\/\" ><h4 class=\"acf-pictograms__content__products__name\">Futuro MultipliCraft<\/h4><\/a><a href=\"https:\/\/futurogames.com\/de\/futuro-multiplicraft\/\" ><p class=\"acf-pictograms__content__products__description\">The only multiplication tables course in the world of Minecraft!<\/p><\/a><div class=\"acf-pictograms__content__products__button btn\"><a href=\"https:\/\/futurogames.com\/de\/futuro-multiplicraft\/\" target=\"\">Weitere Einzelheiten anzeigen<\/a><\/div><\/div><\/div><\/div>            <\/div>\n        <\/div>\n    <\/div>\n        <svg width=\"100%\" height=\"100%\" version=\"1.1\" xmlns=\"http:\/\/www.w3.org\/2000\/svg\" class=\"acf-pictograms__vawe__bottom__wrapper\">\n        <path class=\"acf-pictograms__vawe__bottom__item\" fill=\"#f3f6fb\" \/>\n    <\/svg>\n    <\/section>","protected":false},"excerpt":{"rendered":"","protected":false},"author":1,"featured_media":0,"parent":0,"menu_order":0,"comment_status":"closed","ping_status":"closed","template":"","meta":{"_acf_changed":false,"inline_featured_image":false,"footnotes":""},"class_list":["post-774","page","type-page","status-publish","hentry"],"acf":[],"yoast_head":"<!-- This site is optimized with the Yoast SEO Premium plugin v23.3 (Yoast SEO v23.4) - https:\/\/yoast.com\/wordpress\/plugins\/seo\/ -->\n<title>Home - Futuro Games<\/title>\n<meta name=\"robots\" content=\"index, follow, max-snippet:-1, max-image-preview:large, max-video-preview:-1\" \/>\n<link rel=\"canonical\" href=\"https:\/\/futurogames.com\/de\/\" \/>\n<meta property=\"og:locale\" content=\"de_DE\" \/>\n<meta property=\"og:type\" content=\"article\" \/>\n<meta property=\"og:title\" content=\"Home\" \/>\n<meta property=\"og:url\" content=\"https:\/\/futurogames.com\/de\/\" \/>\n<meta property=\"og:site_name\" content=\"Futuro Games\" \/>\n<meta property=\"article:modified_time\" content=\"2023-08-25T06:31:18+00:00\" \/>\n<meta property=\"og:image\" content=\"https:\/\/futurogames.com\/wp-content\/uploads\/2023\/09\/futurogames-zdjecie-profilowe-v1c.png\" \/>\n\t<meta property=\"og:image:width\" content=\"400\" \/>\n\t<meta property=\"og:image:height\" content=\"400\" \/>\n\t<meta property=\"og:image:type\" content=\"image\/png\" \/>\n<meta name=\"twitter:card\" content=\"summary_large_image\" \/>\n<script type=\"application\/ld+json\" class=\"yoast-schema-graph\">{\"@context\":\"https:\/\/schema.org\",\"@graph\":[{\"@type\":\"WebPage\",\"@id\":\"https:\/\/futurogames.com\/de\/\",\"url\":\"https:\/\/futurogames.com\/de\/\",\"name\":\"Home - Futuro Games\",\"isPartOf\":{\"@id\":\"https:\/\/futurogames.com\/de\/#website\"},\"datePublished\":\"2023-04-28T10:55:55+00:00\",\"dateModified\":\"2023-08-25T06:31:18+00:00\",\"breadcrumb\":{\"@id\":\"https:\/\/futurogames.com\/de\/#breadcrumb\"},\"inLanguage\":\"de\",\"potentialAction\":[{\"@type\":\"ReadAction\",\"target\":[\"https:\/\/futurogames.com\/de\/\"]}]},{\"@type\":\"BreadcrumbList\",\"@id\":\"https:\/\/futurogames.com\/de\/#breadcrumb\",\"itemListElement\":[{\"@type\":\"ListItem\",\"position\":1,\"name\":\"Strona g\u0142\u00f3wna\",\"item\":\"https:\/\/futurogames.com\/de\/\"},{\"@type\":\"ListItem\",\"position\":2,\"name\":\"Home\"}]},{\"@type\":\"WebSite\",\"@id\":\"https:\/\/futurogames.com\/de\/#website\",\"url\":\"https:\/\/futurogames.com\/de\/\",\"name\":\"Futuro Games\",\"description\":\"At Futuro Games, we believe that education should be fun, inspiring, and accessible to all.\",\"publisher\":{\"@id\":\"https:\/\/futurogames.com\/de\/#organization\"},\"potentialAction\":[{\"@type\":\"SearchAction\",\"target\":{\"@type\":\"EntryPoint\",\"urlTemplate\":\"https:\/\/futurogames.com\/de\/?s={search_term_string}\"},\"query-input\":{\"@type\":\"PropertyValueSpecification\",\"valueRequired\":true,\"valueName\":\"search_term_string\"}}],\"inLanguage\":\"de\"},{\"@type\":\"Organization\",\"@id\":\"https:\/\/futurogames.com\/de\/#organization\",\"name\":\"Futuro Games\",\"url\":\"https:\/\/futurogames.com\/de\/\",\"logo\":{\"@type\":\"ImageObject\",\"inLanguage\":\"de\",\"@id\":\"https:\/\/futurogames.com\/de\/#\/schema\/logo\/image\/\",\"url\":\"https:\/\/futurogames.com\/wp-content\/uploads\/2023\/09\/futurogames-zdjecie-profilowe-v1c.png\",\"contentUrl\":\"https:\/\/futurogames.com\/wp-content\/uploads\/2023\/09\/futurogames-zdjecie-profilowe-v1c.png\",\"width\":400,\"height\":400,\"caption\":\"Futuro Games\"},\"image\":{\"@id\":\"https:\/\/futurogames.com\/de\/#\/schema\/logo\/image\/\"}}]}<\/script>\n<!-- \/ Yoast SEO Premium plugin. -->","yoast_head_json":{"title":"Home - Futuro Games","robots":{"index":"index","follow":"follow","max-snippet":"max-snippet:-1","max-image-preview":"max-image-preview:large","max-video-preview":"max-video-preview:-1"},"canonical":"https:\/\/futurogames.com\/de\/","og_locale":"de_DE","og_type":"article","og_title":"Home","og_url":"https:\/\/futurogames.com\/de\/","og_site_name":"Futuro Games","article_modified_time":"2023-08-25T06:31:18+00:00","og_image":[{"width":400,"height":400,"url":"https:\/\/futurogames.com\/wp-content\/uploads\/2023\/09\/futurogames-zdjecie-profilowe-v1c.png","type":"image\/png"}],"twitter_card":"summary_large_image","schema":{"@context":"https:\/\/schema.org","@graph":[{"@type":"WebPage","@id":"https:\/\/futurogames.com\/de\/","url":"https:\/\/futurogames.com\/de\/","name":"Home - Futuro Games","isPartOf":{"@id":"https:\/\/futurogames.com\/de\/#website"},"datePublished":"2023-04-28T10:55:55+00:00","dateModified":"2023-08-25T06:31:18+00:00","breadcrumb":{"@id":"https:\/\/futurogames.com\/de\/#breadcrumb"},"inLanguage":"de","potentialAction":[{"@type":"ReadAction","target":["https:\/\/futurogames.com\/de\/"]}]},{"@type":"BreadcrumbList","@id":"https:\/\/futurogames.com\/de\/#breadcrumb","itemListElement":[{"@type":"ListItem","position":1,"name":"Strona g\u0142\u00f3wna","item":"https:\/\/futurogames.com\/de\/"},{"@type":"ListItem","position":2,"name":"Home"}]},{"@type":"WebSite","@id":"https:\/\/futurogames.com\/de\/#website","url":"https:\/\/futurogames.com\/de\/","name":"Futuro Games","description":"At Futuro Games, we believe that education should be fun, inspiring, and accessible to all.","publisher":{"@id":"https:\/\/futurogames.com\/de\/#organization"},"potentialAction":[{"@type":"SearchAction","target":{"@type":"EntryPoint","urlTemplate":"https:\/\/futurogames.com\/de\/?s={search_term_string}"},"query-input":{"@type":"PropertyValueSpecification","valueRequired":true,"valueName":"search_term_string"}}],"inLanguage":"de"},{"@type":"Organization","@id":"https:\/\/futurogames.com\/de\/#organization","name":"Futuro Games","url":"https:\/\/futurogames.com\/de\/","logo":{"@type":"ImageObject","inLanguage":"de","@id":"https:\/\/futurogames.com\/de\/#\/schema\/logo\/image\/","url":"https:\/\/futurogames.com\/wp-content\/uploads\/2023\/09\/futurogames-zdjecie-profilowe-v1c.png","contentUrl":"https:\/\/futurogames.com\/wp-content\/uploads\/2023\/09\/futurogames-zdjecie-profilowe-v1c.png","width":400,"height":400,"caption":"Futuro Games"},"image":{"@id":"https:\/\/futurogames.com\/de\/#\/schema\/logo\/image\/"}}]}},"_links":{"self":[{"href":"https:\/\/futurogames.com\/de\/wp-json\/wp\/v2\/pages\/774","targetHints":{"allow":["GET"]}}],"collection":[{"href":"https:\/\/futurogames.com\/de\/wp-json\/wp\/v2\/pages"}],"about":[{"href":"https:\/\/futurogames.com\/de\/wp-json\/wp\/v2\/types\/page"}],"author":[{"embeddable":true,"href":"https:\/\/futurogames.com\/de\/wp-json\/wp\/v2\/users\/1"}],"replies":[{"embeddable":true,"href":"https:\/\/futurogames.com\/de\/wp-json\/wp\/v2\/comments?post=774"}],"version-history":[{"count":0,"href":"https:\/\/futurogames.com\/de\/wp-json\/wp\/v2\/pages\/774\/revisions"}],"wp:attachment":[{"href":"https:\/\/futurogames.com\/de\/wp-json\/wp\/v2\/media?parent=774"}],"curies":[{"name":"wp","href":"https:\/\/api.w.org\/{rel}","templated":true}]}}